{"id":1011,"date":"2023-06-10T12:29:05","date_gmt":"2023-06-10T12:29:05","guid":{"rendered":"http:\/\/www.labellafollina.it\/?page_id=1011"},"modified":"2023-06-10T12:29:05","modified_gmt":"2023-06-10T12:29:05","slug":"oises-buurehus","status":"publish","type":"page","link":"http:\/\/www.labellafollina.it\/ch\/oises-buurehus\/","title":{"rendered":"Oises buurehus"},"content":{"rendered":"<p>[vc_row full_width=&#8221;stretch_row&#8221; parallax=&#8221;content-moving&#8221; parallax_image=&#8221;274&#8243; overflow=&#8221;default&#8221; css=&#8221;.vc_custom_1602687645345{padding-top: 250px !important;padding-right: 20px !important;padding-bottom: 50px !important;padding-left: 20px !important;}&#8221; padding_tablet=&#8221;200px 20px 50px 20px&#8221; el_class=&#8221;sw-header-title&#8221;][vc_column]\n<div class=\"sh-heading   sh-animated fadeIn\" id=\"heading-wEck4K1oeS\"data-wow-duration=\"1s\">\n\t<div class=\"sh-element-margin\">\n\n\t\t\n\t\t\t<h1 class=\"sh-heading-content size-xxl text-left\">\n\t\t\t\tOises buurehus\t\t\t<\/h1>\n\n\t\t\n\t<\/div>\n<\/div>\n            <style type=\"text\/css\">\n                #heading-wEck4K1oeS .sh-element-margin {}#heading-wEck4K1oeS .sh-heading-content {font-weight: 400!important;color: #ffffff;}#heading-wEck4K1oeS .sh-heading-content,#heading-wEck4K1oeS .sh-heading-additional-text {}            <\/style>\n        [\/vc_column][\/vc_row][vc_row full_width=&#8221;stretch_row&#8221; equal_height=&#8221;yes&#8221; content_placement=&#8221;middle&#8221; column_order=&#8221;reversed&#8221; overflow=&#8221;default&#8221; css=&#8221;.vc_custom_1602236306549{padding-top: 40px !important;padding-right: 40px !important;padding-bottom: 40px !important;padding-left: 40px !important;}&#8221; padding_tablet=&#8221;0px 0px 0px 0px&#8221;][vc_column width=&#8221;1\/2&#8243; overflow=&#8221;default&#8221; css=&#8221;.vc_custom_1601400474694{padding-top: 60px !important;padding-right: 40px !important;padding-bottom: 40px !important;padding-left: 40px !important;background-position: center !important;background-repeat: no-repeat !important;background-size: cover !important;}&#8221; padding_tablet=&#8221;0px 0px 0px 0px&#8221; max_width=&#8221;540px&#8221; el_id=&#8221;sw_grid_3&#8243;][vc_raw_html]JTNDZGl2JTIwY2xhc3MlM0QlMjJ3cGJfd3JhcHBlciUyMiUyMHN0eWxlJTNEJTIyd2lkdGglM0ElMjAxMDAlMjUlM0IlMjBtYXgtd2lkdGglM0ElMjA1NDBweCUzQiUyMG1hcmdpbi1sZWZ0JTNBJTIwYXV0byUzQiUyMG1hcmdpbi1yaWdodCUzQSUyMGF1dG8lM0IlMjIlM0UlMEElM0NkaXYlMjBjbGFzcyUzRCUyMnZjX2dyaWQtY29udGFpbmVyLXdyYXBwZXIlMjB2Y19jbGVhcmZpeCUyMiUzRSUwQSUzQ2RpdiUyMGNsYXNzJTNEJTIydmNfZ3JpZC1jb250YWluZXIlMjB2Y19jbGVhcmZpeCUyMHdwYl9jb250ZW50X2VsZW1lbnQlMjB2Y19tZWRpYV9ncmlkJTIyJTIwZGF0YS1pbml0aWFsLWxvYWRpbmctYW5pbWF0aW9uJTNEJTIybm9uZSUyMiUyMGRhdGEtdmMtZ3JpZC1zZXR0aW5ncyUzRCUyMiU3QiUyNnF1b3QlM0JwYWdlX2lkJTI2cXVvdCUzQiUzQTIlMkMlMjZxdW90JTNCc3R5bGUlMjZxdW90JTNCJTNBJTI2cXVvdCUzQmFsbCUyNnF1b3QlM0IlMkMlMjZxdW90JTNCYWN0aW9uJTI2cXVvdCUzQiUzQSUyNnF1b3QlM0J2Y19nZXRfdmNfZ3JpZF9kYXRhJTI2cXVvdCUzQiUyQyUyNnF1b3QlM0JzaG9ydGNvZGVfaWQlMjZxdW90JTNCJTNBJTI2cXVvdCUzQjE2MDQ5NDc3Mzk0NzktY2ZjYzkyYWMtNDNiYS03JTI2cXVvdCUzQiUyQyUyNnF1b3QlM0J0YWclMjZxdW90JTNCJTNBJTI2cXVvdCUzQnZjX21lZGlhX2dyaWQlMjZxdW90JTNCJTdEJTIyJTIwZGF0YS12Yy1yZXF1ZXN0JTNEJTIyaHR0cHMlM0ElMkYlMkZ3d3cubGFiZWxsYWZvbGxpbmEuaXQlMkZ3cC1hZG1pbiUyRmFkbWluLWFqYXgucGhwJTIyJTIwZGF0YS12Yy1wb3N0LWlkJTNEJTIyMiUyMiUyMGRhdGEtdmMtcHVibGljLW5vbmNlJTNEJTIyZTNmZjRkNDI2YyUyMiUzRSUwQSUzQ2RpdiUyMGNsYXNzJTNEJTIydmNfZ3JpZCUyMHZjX3JvdyUyMHZjX2dyaWQtZ3V0dGVyLTEwcHglMjB2Y19wYWdlYWJsZS13cmFwcGVyJTIwdmNfaG9va19ob3ZlciUyMiUyMGRhdGEtdmMtcGFnZWFibGUtY29udGVudCUzRCUyMnRydWUlMjIlM0UlMEElM0NkaXYlMjBjbGFzcyUzRCUyMnZjX3BhZ2VhYmxlLXNsaWRlLXdyYXBwZXIlMjB2Y19jbGVhcmZpeCUyMiUyMGRhdGEtdmMtZ3JpZC1jb250ZW50JTNEJTIydHJ1ZSUyMiUzRSUwQSUzQ2RpdiUyMGNsYXNzJTNEJTIydmNfZ3JpZC1pdGVtJTIwdmNfY2xlYXJmaXglMjB2Y19jb2wtc20tNiUyMHZjX3Zpc2libGUtaXRlbSUyMiUzRSUwQSUzQ2RpdiUyMGNsYXNzJTNEJTIydmNfZ3JpZC1pdGVtLW1pbmklMjB2Y19jbGVhcmZpeCUyMiUzRSUwQSUzQ2RpdiUyMGNsYXNzJTNEJTIydmNfZ2l0ZW0tYW5pbWF0ZWQtYmxvY2slMjAlMjIlM0UlMEElM0NkaXYlMjBjbGFzcyUzRCUyMnZjX2dpdGVtLXpvbmUlMjB2Y19naXRlbS16b25lLWElMjB2Yy1naXRlbS16b25lLWhlaWdodC1tb2RlLWF1dG8lMjB2Yy1naXRlbS16b25lLWhlaWdodC1tb2RlLWF1dG8tMS0xJTIyJTIwc3R5bGUlM0QlMjJiYWNrZ3JvdW5kLWltYWdlJTNBJTIwdXJsJTI4JTI3aHR0cHMlM0ElMkYlMkZ3d3cubGFiZWxsYWZvbGxpbmEuaXQlMkZ3cC1jb250ZW50JTJGdXBsb2FkcyUyRjIwMjAlMkYxMCUyRmxhX2JlbGxhX3Jpc3RvcmFudGVfMy0xMDI0eDY4My5qcGclMjclMjklMjAlMjFpbXBvcnRhbnQlM0IlMjIlM0UlMEElMEElM0NpbWclMjBjbGFzcyUzRCUyMnZjX2dpdGVtLXpvbmUtaW1nJTIyJTIwc3JjJTNEJTIyaHR0cHMlM0ElMkYlMkZ3d3cubGFiZWxsYWZvbGxpbmEuaXQlMkZ3cC1jb250ZW50JTJGdXBsb2FkcyUyRjIwMjAlMkYxMCUyRmxhX2JlbGxhX3Jpc3RvcmFudGVfMy0xMDI0eDY4My5qcGclMjIlMjBhbHQlM0QlMjJBemllbmRhJTIwQWdyaWNvbGElMjBMYSUyMEJlbGxhJTIwcmlzdG9yYW50ZSUyMiUyMCUyRiUzRSUwQSUzQ2RpdiUyMGNsYXNzJTNEJTIydmNfZ2l0ZW0tem9uZS1taW5pJTIyJTNFJTNDJTJGZGl2JTNFJTBBJTNDJTJGZGl2JTNFJTBBJTNDJTJGZGl2JTNFJTBBJTNDJTJGZGl2JTNFJTBBJTNDZGl2JTIwY2xhc3MlM0QlMjJ2Y19jbGVhcmZpeCUyMiUzRSUzQyUyRmRpdiUzRSUwQSUzQyUyRmRpdiUzRSUwQSUzQ2RpdiUyMGNsYXNzJTNEJTIydmNfZ3JpZC1pdGVtJTIwdmNfY2xlYXJmaXglMjB2Y19jb2wtc20tNiUyMHZjX3Zpc2libGUtaXRlbSUyMiUzRSUwQSUzQ2RpdiUyMGNsYXNzJTNEJTIydmNfZ3JpZC1pdGVtLW1pbmklMjB2Y19jbGVhcmZpeCUyMiUzRSUwQSUzQ2RpdiUyMGNsYXNzJTNEJTIydmNfZ2l0ZW0tYW5pbWF0ZWQtYmxvY2slMjAlMjIlM0UlMEElM0NkaXYlMjBjbGFzcyUzRCUyMnZjX2dpdGVtLXpvbmUlMjB2Y19naXRlbS16b25lLWElMjB2Yy1naXRlbS16b25lLWhlaWdodC1tb2RlLWF1dG8lMjB2Yy1naXRlbS16b25lLWhlaWdodC1tb2RlLWF1dG8tMS0xJTIyJTIwc3R5bGUlM0QlMjJiYWNrZ3JvdW5kLWltYWdlJTNBJTIwdXJsJTI4JTI3aHR0cHMlM0ElMkYlMkZ3d3cubGFiZWxsYWZvbGxpbmEuaXQlMkZ3cC1jb250ZW50JTJGdXBsb2FkcyUyRjIwMjAlMkYxMCUyRmxhX2JlbGxhX3Jpc3RvcmFudGVfMi0xMDI0eDY4My5qcGclMjclMjklMjAlMjFpbXBvcnRhbnQlM0IlMjIlM0UlMEElMEElM0NpbWclMjBjbGFzcyUzRCUyMnZjX2dpdGVtLXpvbmUtaW1nJTIyJTIwc3JjJTNEJTIyaHR0cHMlM0ElMkYlMkZ3d3cubGFiZWxsYWZvbGxpbmEuaXQlMkZ3cC1jb250ZW50JTJGdXBsb2FkcyUyRjIwMjAlMkYxMCUyRmxhX2JlbGxhX3Jpc3RvcmFudGVfMi0xMDI0eDY4My5qcGclMjIlMjBhbHQlM0QlMjJBemllbmRhJTIwQWdyaWNvbGElMjBMYSUyMEJlbGxhJTIwcmlzdG9yYW50ZSUyMiUyMCUyRiUzRSUwQSUzQ2RpdiUyMGNsYXNzJTNEJTIydmNfZ2l0ZW0tem9uZS1taW5pJTIyJTNFJTNDJTJGZGl2JTNFJTBBJTNDJTJGZGl2JTNFJTBBJTNDJTJGZGl2JTNFJTBBJTNDJTJGZGl2JTNFJTBBJTNDZGl2JTIwY2xhc3MlM0QlMjJ2Y19jbGVhcmZpeCUyMiUzRSUzQyUyRmRpdiUzRSUwQSUzQyUyRmRpdiUzRSUwQSUzQ2RpdiUyMGNsYXNzJTNEJTIydmNfZ3JpZC1pdGVtJTIwdmNfY2xlYXJmaXglMjB2Y19jb2wtc20tNiUyMHZjX3Zpc2libGUtaXRlbSUyMiUzRSUwQSUzQ2RpdiUyMGNsYXNzJTNEJTIydmNfZ3JpZC1pdGVtLW1pbmklMjB2Y19jbGVhcmZpeCUyMiUzRSUwQSUzQ2RpdiUyMGNsYXNzJTNEJTIydmNfZ2l0ZW0tYW5pbWF0ZWQtYmxvY2slMjAlMjIlM0UlMEElM0NkaXYlMjBjbGFzcyUzRCUyMnZjX2dpdGVtLXpvbmUlMjB2Y19naXRlbS16b25lLWElMjB2Yy1naXRlbS16b25lLWhlaWdodC1tb2RlLWF1dG8lMjB2Yy1naXRlbS16b25lLWhlaWdodC1tb2RlLWF1dG8tMS0xJTIyJTIwc3R5bGUlM0QlMjJiYWNrZ3JvdW5kLWltYWdlJTNBJTIwdXJsJTI4JTI3aHR0cHMlM0ElMkYlMkZ3d3cubGFiZWxsYWZvbGxpbmEuaXQlMkZ3cC1jb250ZW50JTJGdXBsb2FkcyUyRjIwMjAlMkYxMCUyRmxhX2JlbGxhX3Jpc3RvcmFudGVfMS0xMDI0eDY4My5qcGclMjclMjklMjAlMjFpbXBvcnRhbnQlM0IlMjIlM0UlMEElMEElM0NpbWclMjBjbGFzcyUzRCUyMnZjX2dpdGVtLXpvbmUtaW1nJTIyJTIwc3JjJTNEJTIyaHR0cHMlM0ElMkYlMkZ3d3cubGFiZWxsYWZvbGxpbmEuaXQlMkZ3cC1jb250ZW50JTJGdXBsb2FkcyUyRjIwMjAlMkYxMCUyRmxhX2JlbGxhX3Jpc3RvcmFudGVfMS0xMDI0eDY4My5qcGclMjIlMjBhbHQlM0QlMjJBZ3JpdHVyaXNtbyUyMExhJTIwQmVsbGElMjBGb2xsaW5hJTIyJTIwJTJGJTNFJTBBJTNDZGl2JTIwY2xhc3MlM0QlMjJ2Y19naXRlbS16b25lLW1pbmklMjIlM0UlM0MlMkZkaXYlM0UlMEElM0MlMkZkaXYlM0UlMEElM0MlMkZkaXYlM0UlMEElM0MlMkZkaXYlM0UlMEElM0NkaXYlMjBjbGFzcyUzRCUyMnZjX2NsZWFyZml4JTIyJTNFJTNDJTJGZGl2JTNFJTBBJTNDJTJGZGl2JTNFJTBBJTNDJTJGZGl2JTNFJTBBJTNDJTJGZGl2JTNFJTBBJTNDJTJGZGl2JTNFJTBBJTNDJTJGZGl2JTNFJTBBJTNDc3R5bGUlMjB0eXBlJTNEJTIydGV4dCUyRmNzcyUyMiUzRSU0MG1lZGlhJTIwJTI4bWF4LXdpZHRoJTNBJTIwODAwcHglMjklMjAlN0IlMjAudmNfY29sdW1uXzY4NDcyNjUwMSUyMCUzRSUyMC52Y19jb2x1bW4taW5uZXIlMjAlN0IlMjBwYWRkaW5nJTNBJTIwMHB4JTIwMHB4JTIwMHB4JTIwMHB4JTIxaW1wb3J0YW50JTNCJTdEJTdEJTNDJTJGc3R5bGUlM0UlM0MlMkZkaXYlM0U=[\/vc_raw_html][\/vc_column][vc_column width=&#8221;1\/2&#8243; overflow=&#8221;default&#8221; max_width=&#8221;460&#8243; css=&#8221;.vc_custom_1601400537907{padding-top: 100px !important;padding-right: 60px !important;padding-bottom: 100px !important;padding-left: 60px !important;}&#8221; padding_tablet=&#8221;40px 30px 40px 30px&#8221;][vc_column_text css=&#8221;.vc_custom_1686399961263{margin-bottom: 10px !important;padding-bottom: 0px !important;}&#8221;]Oises buurehus[\/vc_column_text][vc_column_text css=&#8221;.vc_custom_1686399982706{margin-bottom: 0px !important;padding-bottom: 0px !important;}&#8221;]<\/p>\n<h2>Traditionelli Gricht,<br \/>\ndamitmer sich f\u00fchlt wie Dihei<\/h2>\n<p>[\/vc_column_text]\n            \n            <div class=\"sh-empty-space vc_empty_space sh-empty-space-n7KP465OY1  \" style=\"height: 20px\">\n                <span class=\"vc_empty_space_inner\"><\/span>\n            <\/div>\n\n        [vc_column_text]<\/p>\n<p style=\"text-align: left; font-weight: 400;\">&#8220;D Chuchi isch mini Wohlf\u00fchlzone, det f\u00fchlich mich am meiste Dihei und gn\u00fcsses, noii Gricht z kreiere, ohni debi oisi kulinarischi Tradition us de Auge z verl\u00fcre.&#8221;<\/p>\n<p style=\"text-align: left;\"><span style=\"font-size: 14px;\">Die Wort vo de Elisa fassed d Philosophie vo oisem Buurehof perfekt z\u00e4mm\u00e4. Nat\u00fcrlichi und selber abauti Zuetaten, wo authentischn Gschmack uf de Tisch zaubered. D\u00e4 Gschmack vo vergangene T\u00e4g, wo Generatione vereint und d Herze vo oisne G\u00e4st erw\u00e4rmt.<\/span><\/p>\n<p>[\/vc_column_text][\/vc_column][\/vc_row][vc_row full_width=&#8221;stretch_row_content_no_spaces&#8221; content_placement=&#8221;top&#8221; overflow=&#8221;default&#8221; css=&#8221;.vc_custom_1602941681253{background-color: #f8f8f8 !important;}&#8221; margin_tablet=&#8221;10px -40px 0px -40px&#8221;][vc_column]\n\t\t\t<!-- START Slider ristorante ch REVOLUTION SLIDER 6.5.23 --><p class=\"rs-p-wp-fix\"><\/p>\n\t\t\t<rs-module-wrap id=\"rev_slider_21_1_wrapper\" data-source=\"gallery\" style=\"visibility:hidden;background:transparent;padding:0;margin:0px auto;margin-top:0;margin-bottom:0;\">\n\t\t\t\t<rs-module id=\"rev_slider_21_1\" style=\"\" data-version=\"6.5.23\">\n\t\t\t\t\t<rs-slides>\n\t\t\t\t\t\t<rs-slide style=\"position: absolute;\" data-key=\"rs-68\" data-title=\"Slide\" data-thumb=\"\/\/www.labellafollina.it\/wp-content\/uploads\/revslider\/slider-azienda-1\/la_bella_ristorante_slide_1-50x100.jpg\" data-in=\"x:100%;\">\n\t\t\t\t\t\t\t<img src=\"\/\/www.labellafollina.it\/wp-content\/plugins\/revslider\/public\/assets\/assets\/dummy.png\" alt=\"Agriturismo La Bella Follina Ristorante\" title=\"Agriturismo La Bella Follina Ristorante\" width=\"1920\" height=\"1070\" class=\"rev-slidebg tp-rs-img rs-lazyload\" data-lazyload=\"\/\/www.labellafollina.it\/wp-content\/uploads\/revslider\/slider-azienda-1\/la_bella_ristorante_slide_1.jpg\" data-bg=\"p:0% 78%;\" data-no-retina>\n<!--\n\t\t\t\t\t\t\t--><rs-layer\n\t\t\t\t\t\t\t\tid=\"slider-21-slide-68-layer-8\" \n\t\t\t\t\t\t\t\tdata-type=\"shape\"\n\t\t\t\t\t\t\t\tdata-rsp_ch=\"on\"\n\t\t\t\t\t\t\t\tdata-xy=\"y:b;\"\n\t\t\t\t\t\t\t\tdata-text=\"w:normal;s:20,16,12,7;l:0,20,15,9;\"\n\t\t\t\t\t\t\t\tdata-dim=\"w:100%;h:20px,16px,12px,20px;\"\n\t\t\t\t\t\t\t\tdata-vbility=\"f,f,f,f\"\n\t\t\t\t\t\t\t\tdata-basealign=\"slide\"\n\t\t\t\t\t\t\t\tdata-frame_0=\"y:bottom;o:1;\"\n\t\t\t\t\t\t\t\tdata-frame_1=\"e:none;sp:0;\"\n\t\t\t\t\t\t\t\tdata-frame_999=\"o:0;st:w;\"\n\t\t\t\t\t\t\t\tstyle=\"z-index:8;background-color:#ffffff;\"\n\t\t\t\t\t\t\t> \n\t\t\t\t\t\t\t<\/rs-layer><!--\n\n\t\t\t\t\t\t\t--><rs-layer\n\t\t\t\t\t\t\t\tid=\"slider-21-slide-68-layer-9\" \n\t\t\t\t\t\t\t\tdata-type=\"shape\"\n\t\t\t\t\t\t\t\tdata-xy=\"x:c;xo:300px,247px,187px,0;y:b;\"\n\t\t\t\t\t\t\t\tdata-text=\"w:normal;s:20,16,12,7;l:0,20,15,9;\"\n\t\t\t\t\t\t\t\tdata-dim=\"w:500px,412px,313px,380px;h:60px,49px,37px,40px;\"\n\t\t\t\t\t\t\t\tdata-basealign=\"slide\"\n\t\t\t\t\t\t\t\tdata-rsp_bd=\"off\"\n\t\t\t\t\t\t\t\tdata-frame_999=\"o:0;st:w;\"\n\t\t\t\t\t\t\t\tstyle=\"z-index:9;background-color:#3c573f;\"\n\t\t\t\t\t\t\t> \n\t\t\t\t\t\t\t<\/rs-layer><!--\n\n\t\t\t\t\t\t\t--><rs-layer\n\t\t\t\t\t\t\t\tid=\"slider-21-slide-68-layer-10\" \n\t\t\t\t\t\t\t\tdata-type=\"text\"\n\t\t\t\t\t\t\t\tdata-xy=\"x:c;xo:300px,247px,187px,0;y:b;yo:18px,14px,10px,15px;\"\n\t\t\t\t\t\t\t\tdata-text=\"w:normal;s:20,16,15,18;l:25,20,15,9;\"\n\t\t\t\t\t\t\t\tdata-basealign=\"slide\"\n\t\t\t\t\t\t\t\tdata-rsp_bd=\"off\"\n\t\t\t\t\t\t\t\tdata-frame_999=\"o:0;st:w;\"\n\t\t\t\t\t\t\t\tstyle=\"z-index:10;font-family:'Roboto';\"\n\t\t\t\t\t\t\t>IM OFEN GR\u00d6STETI SCHWEINEKOTELETTE \n\t\t\t\t\t\t\t<\/rs-layer><!--\n-->\t\t\t\t\t\t<\/rs-slide>\n\t\t\t\t\t\t<rs-slide style=\"position: absolute;\" data-key=\"rs-69\" data-title=\"Slide\" data-thumb=\"\/\/www.labellafollina.it\/wp-content\/uploads\/2020\/09\/la_bella_ristorante_slide_2-50x100.jpg\" data-in=\"x:100%;\">\n\t\t\t\t\t\t\t<img src=\"\/\/www.labellafollina.it\/wp-content\/plugins\/revslider\/public\/assets\/assets\/dummy.png\" alt=\"Agriturismo La Bella Follina Ristorante\" title=\"Agriturismo La Bella Follina Ristorante\" width=\"1920\" height=\"1280\" class=\"rev-slidebg tp-rs-img rs-lazyload\" data-lazyload=\"\/\/www.labellafollina.it\/wp-content\/uploads\/2020\/09\/la_bella_ristorante_slide_2.jpg\" data-bg=\"p:0% 85%;\" data-no-retina>\n<!--\n\t\t\t\t\t\t\t--><rs-layer\n\t\t\t\t\t\t\t\tid=\"slider-21-slide-69-layer-8\" \n\t\t\t\t\t\t\t\tdata-type=\"shape\"\n\t\t\t\t\t\t\t\tdata-rsp_ch=\"on\"\n\t\t\t\t\t\t\t\tdata-xy=\"y:b;\"\n\t\t\t\t\t\t\t\tdata-text=\"w:normal;s:20,16,12,7;l:0,20,15,9;\"\n\t\t\t\t\t\t\t\tdata-dim=\"w:100%;h:20px,16px,12px,20px;\"\n\t\t\t\t\t\t\t\tdata-vbility=\"f,f,f,f\"\n\t\t\t\t\t\t\t\tdata-basealign=\"slide\"\n\t\t\t\t\t\t\t\tdata-frame_0=\"y:bottom;\"\n\t\t\t\t\t\t\t\tdata-frame_1=\"sp:0;\"\n\t\t\t\t\t\t\t\tdata-frame_999=\"o:0;st:w;\"\n\t\t\t\t\t\t\t\tstyle=\"z-index:8;background-color:#ffffff;\"\n\t\t\t\t\t\t\t> \n\t\t\t\t\t\t\t<\/rs-layer><!--\n\n\t\t\t\t\t\t\t--><rs-layer\n\t\t\t\t\t\t\t\tid=\"slider-21-slide-69-layer-9\" \n\t\t\t\t\t\t\t\tdata-type=\"shape\"\n\t\t\t\t\t\t\t\tdata-xy=\"x:c;xo:300px,247px,187px,0;y:b;\"\n\t\t\t\t\t\t\t\tdata-text=\"w:normal;s:20,16,12,7;l:0,20,15,9;\"\n\t\t\t\t\t\t\t\tdata-dim=\"w:500px,412px,313px,380px;h:60px,49px,37px,40px;\"\n\t\t\t\t\t\t\t\tdata-basealign=\"slide\"\n\t\t\t\t\t\t\t\tdata-rsp_bd=\"off\"\n\t\t\t\t\t\t\t\tdata-frame_999=\"o:0;st:w;\"\n\t\t\t\t\t\t\t\tstyle=\"z-index:9;background-color:#3c573f;\"\n\t\t\t\t\t\t\t> \n\t\t\t\t\t\t\t<\/rs-layer><!--\n\n\t\t\t\t\t\t\t--><rs-layer\n\t\t\t\t\t\t\t\tid=\"slider-21-slide-69-layer-10\" \n\t\t\t\t\t\t\t\tdata-type=\"text\"\n\t\t\t\t\t\t\t\tdata-xy=\"x:c;xo:300px,247px,187px,0;y:b;yo:18px,14px,10px,15px;\"\n\t\t\t\t\t\t\t\tdata-text=\"w:normal;s:20,16,15,18;l:25,20,15,9;\"\n\t\t\t\t\t\t\t\tdata-basealign=\"slide\"\n\t\t\t\t\t\t\t\tdata-rsp_bd=\"off\"\n\t\t\t\t\t\t\t\tdata-frame_999=\"o:0;st:w;\"\n\t\t\t\t\t\t\t\tstyle=\"z-index:10;font-family:'Roboto';\"\n\t\t\t\t\t\t\t>SCHMORBRATEN VOM HUEHN \n\t\t\t\t\t\t\t<\/rs-layer><!--\n-->\t\t\t\t\t\t<\/rs-slide>\n\t\t\t\t\t\t<rs-slide style=\"position: absolute;\" data-key=\"rs-70\" data-title=\"Slide\" data-thumb=\"\/\/www.labellafollina.it\/wp-content\/uploads\/2020\/09\/la_bella_ristorante_slide_4-50x100.jpg\" data-in=\"x:100%;\">\n\t\t\t\t\t\t\t<img src=\"\/\/www.labellafollina.it\/wp-content\/plugins\/revslider\/public\/assets\/assets\/dummy.png\" alt=\"Agriturismo La Bella Follina Ristorante\" title=\"Agriturismo La Bella Follina Ristorante\" width=\"1920\" height=\"1280\" class=\"rev-slidebg tp-rs-img rs-lazyload\" data-lazyload=\"\/\/www.labellafollina.it\/wp-content\/uploads\/2020\/09\/la_bella_ristorante_slide_4.jpg\" data-bg=\"p:0% 65%;\" data-no-retina>\n<!--\n\t\t\t\t\t\t\t--><rs-layer\n\t\t\t\t\t\t\t\tid=\"slider-21-slide-70-layer-8\" \n\t\t\t\t\t\t\t\tdata-type=\"shape\"\n\t\t\t\t\t\t\t\tdata-rsp_ch=\"on\"\n\t\t\t\t\t\t\t\tdata-xy=\"y:b;\"\n\t\t\t\t\t\t\t\tdata-text=\"w:normal;s:20,16,12,7;l:0,20,15,9;\"\n\t\t\t\t\t\t\t\tdata-dim=\"w:100%;h:20px,16px,12px,20px;\"\n\t\t\t\t\t\t\t\tdata-vbility=\"f,f,f,f\"\n\t\t\t\t\t\t\t\tdata-basealign=\"slide\"\n\t\t\t\t\t\t\t\tdata-frame_0=\"y:bottom;\"\n\t\t\t\t\t\t\t\tdata-frame_999=\"o:0;st:w;\"\n\t\t\t\t\t\t\t\tstyle=\"z-index:8;background-color:#ffffff;\"\n\t\t\t\t\t\t\t> \n\t\t\t\t\t\t\t<\/rs-layer><!--\n\n\t\t\t\t\t\t\t--><rs-layer\n\t\t\t\t\t\t\t\tid=\"slider-21-slide-70-layer-9\" \n\t\t\t\t\t\t\t\tdata-type=\"shape\"\n\t\t\t\t\t\t\t\tdata-xy=\"x:c;xo:300px,247px,187px,0;y:b;\"\n\t\t\t\t\t\t\t\tdata-text=\"w:normal;s:20,16,12,7;l:0,20,15,9;\"\n\t\t\t\t\t\t\t\tdata-dim=\"w:500px,412px,313px,380px;h:60px,49px,37px,40px;\"\n\t\t\t\t\t\t\t\tdata-basealign=\"slide\"\n\t\t\t\t\t\t\t\tdata-rsp_bd=\"off\"\n\t\t\t\t\t\t\t\tdata-frame_999=\"o:0;st:w;\"\n\t\t\t\t\t\t\t\tstyle=\"z-index:9;background-color:#3c573f;\"\n\t\t\t\t\t\t\t> \n\t\t\t\t\t\t\t<\/rs-layer><!--\n\n\t\t\t\t\t\t\t--><rs-layer\n\t\t\t\t\t\t\t\tid=\"slider-21-slide-70-layer-10\" \n\t\t\t\t\t\t\t\tdata-type=\"text\"\n\t\t\t\t\t\t\t\tdata-xy=\"x:c;xo:300px,247px,187px,0;y:b;yo:18px,14px,10px,15px;\"\n\t\t\t\t\t\t\t\tdata-text=\"w:normal;s:20,16,15,18;l:25,20,15,9;\"\n\t\t\t\t\t\t\t\tdata-basealign=\"slide\"\n\t\t\t\t\t\t\t\tdata-rsp_bd=\"off\"\n\t\t\t\t\t\t\t\tdata-frame_999=\"o:0;st:w;\"\n\t\t\t\t\t\t\t\tstyle=\"z-index:10;font-family:'Roboto';\"\n\t\t\t\t\t\t\t>TAGLIOLINI-PASTA MIT RAG\u00d9-FLEISCHSAUCE \n\t\t\t\t\t\t\t<\/rs-layer><!--\n-->\t\t\t\t\t\t<\/rs-slide>\n\t\t\t\t\t\t<rs-slide style=\"position: absolute;\" data-key=\"rs-71\" data-title=\"Slide\" data-thumb=\"\/\/www.labellafollina.it\/wp-content\/uploads\/2020\/09\/la_bella_ristorante_slide_3-50x100.jpg\" data-in=\"x:100%;\">\n\t\t\t\t\t\t\t<img src=\"\/\/www.labellafollina.it\/wp-content\/plugins\/revslider\/public\/assets\/assets\/dummy.png\" alt=\"Agriturismo La Bella Follina Ristorante\" title=\"Agriturismo La Bella Follina Ristorante\" width=\"1920\" height=\"960\" class=\"rev-slidebg tp-rs-img rs-lazyload\" data-lazyload=\"\/\/www.labellafollina.it\/wp-content\/uploads\/2020\/09\/la_bella_ristorante_slide_3.jpg\" data-bg=\"p:0% 65%;\" data-no-retina>\n<!--\n\t\t\t\t\t\t\t--><rs-layer\n\t\t\t\t\t\t\t\tid=\"slider-21-slide-71-layer-8\" \n\t\t\t\t\t\t\t\tdata-type=\"shape\"\n\t\t\t\t\t\t\t\tdata-rsp_ch=\"on\"\n\t\t\t\t\t\t\t\tdata-xy=\"y:b;\"\n\t\t\t\t\t\t\t\tdata-text=\"w:normal;s:20,16,12,7;l:0,20,15,9;\"\n\t\t\t\t\t\t\t\tdata-dim=\"w:100%;h:20px,16px,12px,20px;\"\n\t\t\t\t\t\t\t\tdata-vbility=\"f,f,f,f\"\n\t\t\t\t\t\t\t\tdata-basealign=\"slide\"\n\t\t\t\t\t\t\t\tdata-frame_0=\"y:bottom;\"\n\t\t\t\t\t\t\t\tdata-frame_999=\"o:0;st:w;\"\n\t\t\t\t\t\t\t\tstyle=\"z-index:8;background-color:#ffffff;\"\n\t\t\t\t\t\t\t> \n\t\t\t\t\t\t\t<\/rs-layer><!--\n\n\t\t\t\t\t\t\t--><rs-layer\n\t\t\t\t\t\t\t\tid=\"slider-21-slide-71-layer-9\" \n\t\t\t\t\t\t\t\tdata-type=\"shape\"\n\t\t\t\t\t\t\t\tdata-xy=\"x:c;xo:300px,247px,187px,0;y:b;\"\n\t\t\t\t\t\t\t\tdata-text=\"w:normal;s:20,16,12,7;l:0,20,15,9;\"\n\t\t\t\t\t\t\t\tdata-dim=\"w:500px,412px,313px,380px;h:60px,49px,37px,40px;\"\n\t\t\t\t\t\t\t\tdata-basealign=\"slide\"\n\t\t\t\t\t\t\t\tdata-rsp_bd=\"off\"\n\t\t\t\t\t\t\t\tdata-frame_999=\"o:0;st:w;\"\n\t\t\t\t\t\t\t\tstyle=\"z-index:9;background-color:#3c573f;\"\n\t\t\t\t\t\t\t> \n\t\t\t\t\t\t\t<\/rs-layer><!--\n\n\t\t\t\t\t\t\t--><rs-layer\n\t\t\t\t\t\t\t\tid=\"slider-21-slide-71-layer-10\" \n\t\t\t\t\t\t\t\tdata-type=\"text\"\n\t\t\t\t\t\t\t\tdata-xy=\"x:c;xo:300px,247px,187px,0;y:b;yo:18px,14px,10px,15px;\"\n\t\t\t\t\t\t\t\tdata-text=\"w:normal;s:20,16,15,18;l:25,20,15,9;\"\n\t\t\t\t\t\t\t\tdata-basealign=\"slide\"\n\t\t\t\t\t\t\t\tdata-rsp_bd=\"off\"\n\t\t\t\t\t\t\t\tdata-frame_999=\"o:0;st:w;\"\n\t\t\t\t\t\t\t\tstyle=\"z-index:10;font-family:'Roboto';\"\n\t\t\t\t\t\t\t>TRADITIONELL MARINIERTI FORELLE \"IN SAOR\" \n\t\t\t\t\t\t\t<\/rs-layer><!--\n-->\t\t\t\t\t\t<\/rs-slide>\n\t\t\t\t\t<\/rs-slides>\n\t\t\t\t<\/rs-module>\n\t\t\t\t<script>\n\t\t\t\t\tsetREVStartSize({c: 'rev_slider_21_1',rl:[1240,1024,778,480],el:[540,540,480,480],gw:[1240,1024,778,480],gh:[540,540,480,480],type:'carousel',justify:'',layout:'fullwidth',mh:\"0\"});if (window.RS_MODULES!==undefined && window.RS_MODULES.modules!==undefined && window.RS_MODULES.modules[\"revslider211\"]!==undefined) {window.RS_MODULES.modules[\"revslider211\"].once = false;window.revapi21 = undefined;if (window.RS_MODULES.checkMinimal!==undefined) window.RS_MODULES.checkMinimal()}\n\t\t\t\t<\/script>\n\t\t\t<\/rs-module-wrap>\n\t\t\t<!-- END REVOLUTION SLIDER -->\n[\/vc_column][\/vc_row][vc_row overflow=&#8221;default&#8221; css=&#8221;.vc_custom_1601400964181{padding-top: 60px !important;padding-right: 30px !important;padding-bottom: 60px !important;padding-left: 30px !important;}&#8221; padding_tablet=&#8221;40px 20px 40px 20px&#8221;][vc_column width=&#8221;1\/6&#8243;][\/vc_column][vc_column width=&#8221;2\/3&#8243;]\n<div class=\"sh-heading  \" id=\"heading-D1v38gHeEb\">\n\t<div class=\"sh-element-margin\">\n\n\t\t\n\t\t\t<h3 class=\"sh-heading-content size-default text-center\">\n\t\t\t\t``Ich han mini Liideschaft zum Bruef gmacht!``\t\t\t<\/h3>\n\n\t\t\n\t<\/div>\n<\/div>\n            <style type=\"text\/css\">\n                #heading-D1v38gHeEb .sh-element-margin {margin: 0px 0px 10px 0px;}#heading-D1v38gHeEb .sh-heading-content {font-weight: 400!important;}#heading-D1v38gHeEb .sh-heading-content,#heading-D1v38gHeEb .sh-heading-additional-text {}            <\/style>\n        [vc_column_text]<\/p>\n<p style=\"text-align: center;\">ELISA<\/p>\n<p>[\/vc_column_text][\/vc_column][vc_column width=&#8221;1\/6&#8243;][\/vc_column][\/vc_row][vc_row full_width=&#8221;stretch_row_content_no_spaces&#8221; css_animation=&#8221;none&#8221; overflow=&#8221;default&#8221; padding_tablet=&#8221;0px 0px 0px 0px&#8221;][vc_column]\n\n\n\n<div id=\"image-gallery-CxSXL93Avj\" class=\"sh-image-gallery sh-image-gallery-noverlay sh-image-gallery-nozoom sh-image-gallery-container sh-image-gallery-disable\"  data-autoplay=\"3000\" data-columns=\"4\">\n\t\t\t<div class=\"sh-image-gallery-item\">\n\t\t\t<div class=\"sh-gallery-item\">\n\t\t\t\t<div class=\"post-meta-thumb\">\n\n\t\t\t\t\t\t\t\t\t\t\t<img src=\"http:\/\/www.labellafollina.it\/wp-content\/uploads\/2020\/09\/la_bella_4597-660x660.jpg\" alt=\"la_bella_4597\" \/>\n\t\t\t\t\t\n\t\t\t\t\t\t\t\t\t<\/div>\n\t\t\t<\/div>\n\t\t<\/div>\n\t\t\t<div class=\"sh-image-gallery-item\">\n\t\t\t<div class=\"sh-gallery-item\">\n\t\t\t\t<div class=\"post-meta-thumb\">\n\n\t\t\t\t\t\t\t\t\t\t\t<img src=\"http:\/\/www.labellafollina.it\/wp-content\/uploads\/2020\/09\/la_bella_4705-660x660.jpg\" alt=\"la_bella_4705\" \/>\n\t\t\t\t\t\n\t\t\t\t\t\t\t\t\t<\/div>\n\t\t\t<\/div>\n\t\t<\/div>\n\t\t\t<div class=\"sh-image-gallery-item\">\n\t\t\t<div class=\"sh-gallery-item\">\n\t\t\t\t<div class=\"post-meta-thumb\">\n\n\t\t\t\t\t\t\t\t\t\t\t<img src=\"http:\/\/www.labellafollina.it\/wp-content\/uploads\/2020\/09\/la_bella_4606-660x660.jpg\" alt=\"la_bella_4606\" \/>\n\t\t\t\t\t\n\t\t\t\t\t\t\t\t\t<\/div>\n\t\t\t<\/div>\n\t\t<\/div>\n\t\t\t<div class=\"sh-image-gallery-item\">\n\t\t\t<div class=\"sh-gallery-item\">\n\t\t\t\t<div class=\"post-meta-thumb\">\n\n\t\t\t\t\t\t\t\t\t\t\t<img src=\"http:\/\/www.labellafollina.it\/wp-content\/uploads\/2020\/09\/la_bella_4580-660x660.jpg\" alt=\"la_bella_4580\" \/>\n\t\t\t\t\t\n\t\t\t\t\t\t\t\t\t<\/div>\n\t\t\t<\/div>\n\t\t<\/div>\n\t\t\t<div class=\"sh-image-gallery-item\">\n\t\t\t<div class=\"sh-gallery-item\">\n\t\t\t\t<div class=\"post-meta-thumb\">\n\n\t\t\t\t\t\t\t\t\t\t\t<img src=\"http:\/\/www.labellafollina.it\/wp-content\/uploads\/2020\/09\/la_bella_3258-660x660.jpg\" alt=\"la_bella_3258\" \/>\n\t\t\t\t\t\n\t\t\t\t\t\t\t\t\t<\/div>\n\t\t\t<\/div>\n\t\t<\/div>\n\t\t\t<div class=\"sh-image-gallery-item\">\n\t\t\t<div class=\"sh-gallery-item\">\n\t\t\t\t<div class=\"post-meta-thumb\">\n\n\t\t\t\t\t\t\t\t\t\t\t<img src=\"http:\/\/www.labellafollina.it\/wp-content\/uploads\/2020\/09\/la_bella_4582-660x660.jpg\" alt=\"la_bella_4582\" \/>\n\t\t\t\t\t\n\t\t\t\t\t\t\t\t\t<\/div>\n\t\t\t<\/div>\n\t\t<\/div>\n\t\t\t<div class=\"sh-image-gallery-item\">\n\t\t\t<div class=\"sh-gallery-item\">\n\t\t\t\t<div class=\"post-meta-thumb\">\n\n\t\t\t\t\t\t\t\t\t\t\t<img src=\"http:\/\/www.labellafollina.it\/wp-content\/uploads\/2020\/09\/la_bella_4686-660x660.jpg\" alt=\"la_bella_4686\" \/>\n\t\t\t\t\t\n\t\t\t\t\t\t\t\t\t<\/div>\n\t\t\t<\/div>\n\t\t<\/div>\n\t\t\t<div class=\"sh-image-gallery-item\">\n\t\t\t<div class=\"sh-gallery-item\">\n\t\t\t\t<div class=\"post-meta-thumb\">\n\n\t\t\t\t\t\t\t\t\t\t\t<img src=\"http:\/\/www.labellafollina.it\/wp-content\/uploads\/2020\/09\/la_bella_4701-660x660.jpg\" alt=\"la_bella_4701\" \/>\n\t\t\t\t\t\n\t\t\t\t\t\t\t\t\t<\/div>\n\t\t\t<\/div>\n\t\t<\/div>\n\t\t\t<div class=\"sh-image-gallery-item\">\n\t\t\t<div class=\"sh-gallery-item\">\n\t\t\t\t<div class=\"post-meta-thumb\">\n\n\t\t\t\t\t\t\t\t\t\t\t<img src=\"http:\/\/www.labellafollina.it\/wp-content\/uploads\/2020\/09\/la_bella_4711-660x660.jpg\" alt=\"la_bella_4711\" \/>\n\t\t\t\t\t\n\t\t\t\t\t\t\t\t\t<\/div>\n\t\t\t<\/div>\n\t\t<\/div>\n\t\t\t<div class=\"sh-image-gallery-item\">\n\t\t\t<div class=\"sh-gallery-item\">\n\t\t\t\t<div class=\"post-meta-thumb\">\n\n\t\t\t\t\t\t\t\t\t\t\t<img src=\"http:\/\/www.labellafollina.it\/wp-content\/uploads\/2020\/09\/la_bella_4753-660x660.jpg\" alt=\"la_bella_4753\" \/>\n\t\t\t\t\t\n\t\t\t\t\t\t\t\t\t<\/div>\n\t\t\t<\/div>\n\t\t<\/div>\n\t<\/div>\n            <style type=\"text\/css\">\n                #image-gallery-CxSXL93Avj .sh-gallery-item,#image-gallery-CxSXL93Avj .slick-dots {margin: 0px 0px 0px 0px;}#image-gallery-CxSXL93Avj .slick-list {margin: -0px -0px -0px -0px ;}#image-gallery-CxSXL93Avj .slick-dots li.slick-active button {background-color: #3c573f!important;}            <\/style>\n        [\/vc_column][\/vc_row]<\/p>\n","protected":false},"excerpt":{"rendered":"<p>[vc_row full_width=&#8221;stretch_row&#8221; parallax=&#8221;content-moving&#8221; parallax_image=&#8221;274&#8243; overflow=&#8221;default&#8221; css=&#8221;.vc_custom_1602687645345{padding-top: 250px !important;padding-right: 20px !important;padding-bottom: 50px !important;padding-left: 20px !important;}&#8221; padding_tablet=&#8221;200px 20px 50px 20px&#8221; el_class=&#8221;sw-header-title&#8221;][vc_column] Oises buurehus [\/vc_column][\/vc_row][vc_row full_width=&#8221;stretch_row&#8221; equal_height=&#8221;yes&#8221; content_placement=&#8221;middle&#8221; column_order=&#8221;reversed&#8221; overflow=&#8221;default&#8221; css=&#8221;.vc_custom_1602236306549{padding-top: 40px !important;padding-right: 40px !important;padding-bottom: 40px !important;padding-left: 40px !important;}&#8221; padding_tablet=&#8221;0px 0px 0px 0px&#8221;][vc_column width=&#8221;1\/2&#8243; overflow=&#8221;default&#8221; css=&#8221;.vc_custom_1601400474694{padding-top: 60px !important;padding-right:&#8230;<\/p>\n","protected":false},"author":6,"featured_media":0,"parent":0,"menu_order":0,"comment_status":"closed","ping_status":"closed","template":"","meta":[],"_links":{"self":[{"href":"http:\/\/www.labellafollina.it\/ch\/wp-json\/wp\/v2\/pages\/1011"}],"collection":[{"href":"http:\/\/www.labellafollina.it\/ch\/wp-json\/wp\/v2\/pages"}],"about":[{"href":"http:\/\/www.labellafollina.it\/ch\/wp-json\/wp\/v2\/types\/page"}],"author":[{"embeddable":true,"href":"http:\/\/www.labellafollina.it\/ch\/wp-json\/wp\/v2\/users\/6"}],"replies":[{"embeddable":true,"href":"http:\/\/www.labellafollina.it\/ch\/wp-json\/wp\/v2\/comments?post=1011"}],"version-history":[{"count":1,"href":"http:\/\/www.labellafollina.it\/ch\/wp-json\/wp\/v2\/pages\/1011\/revisions"}],"predecessor-version":[{"id":1012,"href":"http:\/\/www.labellafollina.it\/ch\/wp-json\/wp\/v2\/pages\/1011\/revisions\/1012"}],"wp:attachment":[{"href":"http:\/\/www.labellafollina.it\/ch\/wp-json\/wp\/v2\/media?parent=1011"}],"curies":[{"name":"wp","href":"https:\/\/api.w.org\/{rel}","templated":true}]}}