{"id":1007,"date":"2023-06-10T12:29:05","date_gmt":"2023-06-10T12:29:05","guid":{"rendered":"http:\/\/www.labellafollina.it\/?page_id=1007"},"modified":"2023-06-10T12:18:04","modified_gmt":"2023-06-10T12:18:04","slug":"notre-ferme-auberge","status":"publish","type":"page","link":"https:\/\/www.labellafollina.it\/fr\/notre-ferme-auberge\/","title":{"rendered":"Notre ferme-auberge"},"content":{"rendered":"<p>[vc_row full_width=&#8221;stretch_row&#8221; parallax=&#8221;content-moving&#8221; parallax_image=&#8221;274&#8243; overflow=&#8221;default&#8221; css=&#8221;.vc_custom_1602687645345{padding-top: 250px !important;padding-right: 20px !important;padding-bottom: 50px !important;padding-left: 20px !important;}&#8221; padding_tablet=&#8221;200px 20px 50px 20px&#8221; el_class=&#8221;sw-header-title&#8221;][vc_column]\n<div class=\"sh-heading   sh-animated fadeIn\" id=\"heading-o7ueJfTwsk\"data-wow-duration=\"1s\">\n\t<div class=\"sh-element-margin\">\n\n\t\t\n\t\t\t<h1 class=\"sh-heading-content size-xxl text-left\">\n\t\t\t\tNotre ferme-auberge\t\t\t<\/h1>\n\n\t\t\n\t<\/div>\n<\/div>\n            <style type=\"text\/css\">\n                #heading-o7ueJfTwsk .sh-element-margin {}#heading-o7ueJfTwsk .sh-heading-content {font-weight: 400!important;color: #ffffff;}#heading-o7ueJfTwsk .sh-heading-content,#heading-o7ueJfTwsk .sh-heading-additional-text {}            <\/style>\n        [\/vc_column][\/vc_row][vc_row full_width=&#8221;stretch_row&#8221; equal_height=&#8221;yes&#8221; content_placement=&#8221;middle&#8221; column_order=&#8221;reversed&#8221; overflow=&#8221;default&#8221; css=&#8221;.vc_custom_1602236306549{padding-top: 40px !important;padding-right: 40px !important;padding-bottom: 40px !important;padding-left: 40px !important;}&#8221; padding_tablet=&#8221;0px 0px 0px 0px&#8221;][vc_column width=&#8221;1\/2&#8243; overflow=&#8221;default&#8221; css=&#8221;.vc_custom_1601400474694{padding-top: 60px !important;padding-right: 40px !important;padding-bottom: 40px !important;padding-left: 40px !important;background-position: center !important;background-repeat: no-repeat !important;background-size: cover !important;}&#8221; padding_tablet=&#8221;0px 0px 0px 0px&#8221; max_width=&#8221;540px&#8221; el_id=&#8221;sw_grid_3&#8243;][vc_raw_html]JTNDZGl2JTIwY2xhc3MlM0QlMjJ3cGJfd3JhcHBlciUyMiUyMHN0eWxlJTNEJTIyd2lkdGglM0ElMjAxMDAlMjUlM0IlMjBtYXgtd2lkdGglM0ElMjA1NDBweCUzQiUyMG1hcmdpbi1sZWZ0JTNBJTIwYXV0byUzQiUyMG1hcmdpbi1yaWdodCUzQSUyMGF1dG8lM0IlMjIlM0UlMEElM0NkaXYlMjBjbGFzcyUzRCUyMnZjX2dyaWQtY29udGFpbmVyLXdyYXBwZXIlMjB2Y19jbGVhcmZpeCUyMiUzRSUwQSUzQ2RpdiUyMGNsYXNzJTNEJTIydmNfZ3JpZC1jb250YWluZXIlMjB2Y19jbGVhcmZpeCUyMHdwYl9jb250ZW50X2VsZW1lbnQlMjB2Y19tZWRpYV9ncmlkJTIyJTIwZGF0YS1pbml0aWFsLWxvYWRpbmctYW5pbWF0aW9uJTNEJTIybm9uZSUyMiUyMGRhdGEtdmMtZ3JpZC1zZXR0aW5ncyUzRCUyMiU3QiUyNnF1b3QlM0JwYWdlX2lkJTI2cXVvdCUzQiUzQTIlMkMlMjZxdW90JTNCc3R5bGUlMjZxdW90JTNCJTNBJTI2cXVvdCUzQmFsbCUyNnF1b3QlM0IlMkMlMjZxdW90JTNCYWN0aW9uJTI2cXVvdCUzQiUzQSUyNnF1b3QlM0J2Y19nZXRfdmNfZ3JpZF9kYXRhJTI2cXVvdCUzQiUyQyUyNnF1b3QlM0JzaG9ydGNvZGVfaWQlMjZxdW90JTNCJTNBJTI2cXVvdCUzQjE2MDQ5NDc3Mzk0NzktY2ZjYzkyYWMtNDNiYS03JTI2cXVvdCUzQiUyQyUyNnF1b3QlM0J0YWclMjZxdW90JTNCJTNBJTI2cXVvdCUzQnZjX21lZGlhX2dyaWQlMjZxdW90JTNCJTdEJTIyJTIwZGF0YS12Yy1yZXF1ZXN0JTNEJTIyaHR0cHMlM0ElMkYlMkZ3d3cubGFiZWxsYWZvbGxpbmEuaXQlMkZ3cC1hZG1pbiUyRmFkbWluLWFqYXgucGhwJTIyJTIwZGF0YS12Yy1wb3N0LWlkJTNEJTIyMiUyMiUyMGRhdGEtdmMtcHVibGljLW5vbmNlJTNEJTIyZTNmZjRkNDI2YyUyMiUzRSUwQSUzQ2RpdiUyMGNsYXNzJTNEJTIydmNfZ3JpZCUyMHZjX3JvdyUyMHZjX2dyaWQtZ3V0dGVyLTEwcHglMjB2Y19wYWdlYWJsZS13cmFwcGVyJTIwdmNfaG9va19ob3ZlciUyMiUyMGRhdGEtdmMtcGFnZWFibGUtY29udGVudCUzRCUyMnRydWUlMjIlM0UlMEElM0NkaXYlMjBjbGFzcyUzRCUyMnZjX3BhZ2VhYmxlLXNsaWRlLXdyYXBwZXIlMjB2Y19jbGVhcmZpeCUyMiUyMGRhdGEtdmMtZ3JpZC1jb250ZW50JTNEJTIydHJ1ZSUyMiUzRSUwQSUzQ2RpdiUyMGNsYXNzJTNEJTIydmNfZ3JpZC1pdGVtJTIwdmNfY2xlYXJmaXglMjB2Y19jb2wtc20tNiUyMHZjX3Zpc2libGUtaXRlbSUyMiUzRSUwQSUzQ2RpdiUyMGNsYXNzJTNEJTIydmNfZ3JpZC1pdGVtLW1pbmklMjB2Y19jbGVhcmZpeCUyMiUzRSUwQSUzQ2RpdiUyMGNsYXNzJTNEJTIydmNfZ2l0ZW0tYW5pbWF0ZWQtYmxvY2slMjAlMjIlM0UlMEElM0NkaXYlMjBjbGFzcyUzRCUyMnZjX2dpdGVtLXpvbmUlMjB2Y19naXRlbS16b25lLWElMjB2Yy1naXRlbS16b25lLWhlaWdodC1tb2RlLWF1dG8lMjB2Yy1naXRlbS16b25lLWhlaWdodC1tb2RlLWF1dG8tMS0xJTIyJTIwc3R5bGUlM0QlMjJiYWNrZ3JvdW5kLWltYWdlJTNBJTIwdXJsJTI4JTI3aHR0cHMlM0ElMkYlMkZ3d3cubGFiZWxsYWZvbGxpbmEuaXQlMkZ3cC1jb250ZW50JTJGdXBsb2FkcyUyRjIwMjAlMkYxMCUyRmxhX2JlbGxhX3Jpc3RvcmFudGVfMy0xMDI0eDY4My5qcGclMjclMjklMjAlMjFpbXBvcnRhbnQlM0IlMjIlM0UlMEElMEElM0NpbWclMjBjbGFzcyUzRCUyMnZjX2dpdGVtLXpvbmUtaW1nJTIyJTIwc3JjJTNEJTIyaHR0cHMlM0ElMkYlMkZ3d3cubGFiZWxsYWZvbGxpbmEuaXQlMkZ3cC1jb250ZW50JTJGdXBsb2FkcyUyRjIwMjAlMkYxMCUyRmxhX2JlbGxhX3Jpc3RvcmFudGVfMy0xMDI0eDY4My5qcGclMjIlMjBhbHQlM0QlMjJBemllbmRhJTIwQWdyaWNvbGElMjBMYSUyMEJlbGxhJTIwcmlzdG9yYW50ZSUyMiUyMCUyRiUzRSUwQSUzQ2RpdiUyMGNsYXNzJTNEJTIydmNfZ2l0ZW0tem9uZS1taW5pJTIyJTNFJTNDJTJGZGl2JTNFJTBBJTNDJTJGZGl2JTNFJTBBJTNDJTJGZGl2JTNFJTBBJTNDJTJGZGl2JTNFJTBBJTNDZGl2JTIwY2xhc3MlM0QlMjJ2Y19jbGVhcmZpeCUyMiUzRSUzQyUyRmRpdiUzRSUwQSUzQyUyRmRpdiUzRSUwQSUzQ2RpdiUyMGNsYXNzJTNEJTIydmNfZ3JpZC1pdGVtJTIwdmNfY2xlYXJmaXglMjB2Y19jb2wtc20tNiUyMHZjX3Zpc2libGUtaXRlbSUyMiUzRSUwQSUzQ2RpdiUyMGNsYXNzJTNEJTIydmNfZ3JpZC1pdGVtLW1pbmklMjB2Y19jbGVhcmZpeCUyMiUzRSUwQSUzQ2RpdiUyMGNsYXNzJTNEJTIydmNfZ2l0ZW0tYW5pbWF0ZWQtYmxvY2slMjAlMjIlM0UlMEElM0NkaXYlMjBjbGFzcyUzRCUyMnZjX2dpdGVtLXpvbmUlMjB2Y19naXRlbS16b25lLWElMjB2Yy1naXRlbS16b25lLWhlaWdodC1tb2RlLWF1dG8lMjB2Yy1naXRlbS16b25lLWhlaWdodC1tb2RlLWF1dG8tMS0xJTIyJTIwc3R5bGUlM0QlMjJiYWNrZ3JvdW5kLWltYWdlJTNBJTIwdXJsJTI4JTI3aHR0cHMlM0ElMkYlMkZ3d3cubGFiZWxsYWZvbGxpbmEuaXQlMkZ3cC1jb250ZW50JTJGdXBsb2FkcyUyRjIwMjAlMkYxMCUyRmxhX2JlbGxhX3Jpc3RvcmFudGVfMi0xMDI0eDY4My5qcGclMjclMjklMjAlMjFpbXBvcnRhbnQlM0IlMjIlM0UlMEElMEElM0NpbWclMjBjbGFzcyUzRCUyMnZjX2dpdGVtLXpvbmUtaW1nJTIyJTIwc3JjJTNEJTIyaHR0cHMlM0ElMkYlMkZ3d3cubGFiZWxsYWZvbGxpbmEuaXQlMkZ3cC1jb250ZW50JTJGdXBsb2FkcyUyRjIwMjAlMkYxMCUyRmxhX2JlbGxhX3Jpc3RvcmFudGVfMi0xMDI0eDY4My5qcGclMjIlMjBhbHQlM0QlMjJBemllbmRhJTIwQWdyaWNvbGElMjBMYSUyMEJlbGxhJTIwcmlzdG9yYW50ZSUyMiUyMCUyRiUzRSUwQSUzQ2RpdiUyMGNsYXNzJTNEJTIydmNfZ2l0ZW0tem9uZS1taW5pJTIyJTNFJTNDJTJGZGl2JTNFJTBBJTNDJTJGZGl2JTNFJTBBJTNDJTJGZGl2JTNFJTBBJTNDJTJGZGl2JTNFJTBBJTNDZGl2JTIwY2xhc3MlM0QlMjJ2Y19jbGVhcmZpeCUyMiUzRSUzQyUyRmRpdiUzRSUwQSUzQyUyRmRpdiUzRSUwQSUzQ2RpdiUyMGNsYXNzJTNEJTIydmNfZ3JpZC1pdGVtJTIwdmNfY2xlYXJmaXglMjB2Y19jb2wtc20tNiUyMHZjX3Zpc2libGUtaXRlbSUyMiUzRSUwQSUzQ2RpdiUyMGNsYXNzJTNEJTIydmNfZ3JpZC1pdGVtLW1pbmklMjB2Y19jbGVhcmZpeCUyMiUzRSUwQSUzQ2RpdiUyMGNsYXNzJTNEJTIydmNfZ2l0ZW0tYW5pbWF0ZWQtYmxvY2slMjAlMjIlM0UlMEElM0NkaXYlMjBjbGFzcyUzRCUyMnZjX2dpdGVtLXpvbmUlMjB2Y19naXRlbS16b25lLWElMjB2Yy1naXRlbS16b25lLWhlaWdodC1tb2RlLWF1dG8lMjB2Yy1naXRlbS16b25lLWhlaWdodC1tb2RlLWF1dG8tMS0xJTIyJTIwc3R5bGUlM0QlMjJiYWNrZ3JvdW5kLWltYWdlJTNBJTIwdXJsJTI4JTI3aHR0cHMlM0ElMkYlMkZ3d3cubGFiZWxsYWZvbGxpbmEuaXQlMkZ3cC1jb250ZW50JTJGdXBsb2FkcyUyRjIwMjAlMkYxMCUyRmxhX2JlbGxhX3Jpc3RvcmFudGVfMS0xMDI0eDY4My5qcGclMjclMjklMjAlMjFpbXBvcnRhbnQlM0IlMjIlM0UlMEElMEElM0NpbWclMjBjbGFzcyUzRCUyMnZjX2dpdGVtLXpvbmUtaW1nJTIyJTIwc3JjJTNEJTIyaHR0cHMlM0ElMkYlMkZ3d3cubGFiZWxsYWZvbGxpbmEuaXQlMkZ3cC1jb250ZW50JTJGdXBsb2FkcyUyRjIwMjAlMkYxMCUyRmxhX2JlbGxhX3Jpc3RvcmFudGVfMS0xMDI0eDY4My5qcGclMjIlMjBhbHQlM0QlMjJBZ3JpdHVyaXNtbyUyMExhJTIwQmVsbGElMjBGb2xsaW5hJTIyJTIwJTJGJTNFJTBBJTNDZGl2JTIwY2xhc3MlM0QlMjJ2Y19naXRlbS16b25lLW1pbmklMjIlM0UlM0MlMkZkaXYlM0UlMEElM0MlMkZkaXYlM0UlMEElM0MlMkZkaXYlM0UlMEElM0MlMkZkaXYlM0UlMEElM0NkaXYlMjBjbGFzcyUzRCUyMnZjX2NsZWFyZml4JTIyJTNFJTNDJTJGZGl2JTNFJTBBJTNDJTJGZGl2JTNFJTBBJTNDJTJGZGl2JTNFJTBBJTNDJTJGZGl2JTNFJTBBJTNDJTJGZGl2JTNFJTBBJTNDJTJGZGl2JTNFJTBBJTNDc3R5bGUlMjB0eXBlJTNEJTIydGV4dCUyRmNzcyUyMiUzRSU0MG1lZGlhJTIwJTI4bWF4LXdpZHRoJTNBJTIwODAwcHglMjklMjAlN0IlMjAudmNfY29sdW1uXzY4NDcyNjUwMSUyMCUzRSUyMC52Y19jb2x1bW4taW5uZXIlMjAlN0IlMjBwYWRkaW5nJTNBJTIwMHB4JTIwMHB4JTIwMHB4JTIwMHB4JTIxaW1wb3J0YW50JTNCJTdEJTdEJTNDJTJGc3R5bGUlM0UlM0MlMkZkaXYlM0U=[\/vc_raw_html][\/vc_column][vc_column width=&#8221;1\/2&#8243; overflow=&#8221;default&#8221; max_width=&#8221;460&#8243; css=&#8221;.vc_custom_1601400537907{padding-top: 100px !important;padding-right: 60px !important;padding-bottom: 100px !important;padding-left: 60px !important;}&#8221; padding_tablet=&#8221;40px 30px 40px 30px&#8221;][vc_column_text css=&#8221;.vc_custom_1686399266896{margin-bottom: 10px !important;padding-bottom: 0px !important;}&#8221;]Notre ferme-auberge[\/vc_column_text][vc_column_text css=&#8221;.vc_custom_1686399302981{margin-bottom: 0px !important;padding-bottom: 0px !important;}&#8221;]<\/p>\n<h2>Des plats traditionnels<br \/>\npour vous sentir chez vous<\/h2>\n<p>[\/vc_column_text]\n            \n            <div class=\"sh-empty-space vc_empty_space sh-empty-space-unyIeqYTPx  \" style=\"height: 20px\">\n                <span class=\"vc_empty_space_inner\"><\/span>\n            <\/div>\n\n        [vc_column_text]<\/p>\n<p style=\"text-align: left; font-weight: 400;\">&#8220;La cuisine est ma zone de confort, o\u00f9 je me sens le plus chez moi et o\u00f9 j&#8217;aime cr\u00e9er de nouveaux plats sans oublier notre tradition culinaire.&#8221;<\/p>\n<p style=\"text-align: left;\"><span style=\"font-size: 14px;\">Ces mots d&#8217;Elisa r\u00e9sument parfaitement la philosophie de notre ferme. Des ingr\u00e9dients authentiques et cultiv\u00e9s sur place qui apportent une saveur authentique \u00e0 la table. La saveur d&#8217;antan qui unit les g\u00e9n\u00e9rations et r\u00e9chauffe le c\u0153ur de nos invit\u00e9s.<\/span><\/p>\n<p>[\/vc_column_text][\/vc_column][\/vc_row][vc_row full_width=&#8221;stretch_row_content_no_spaces&#8221; content_placement=&#8221;top&#8221; overflow=&#8221;default&#8221; css=&#8221;.vc_custom_1602941681253{background-color: #f8f8f8 !important;}&#8221; margin_tablet=&#8221;10px -40px 0px -40px&#8221;][vc_column]\n\t\t\t<!-- START Slider ristorante fr REVOLUTION SLIDER 6.5.23 --><p class=\"rs-p-wp-fix\"><\/p>\n\t\t\t<rs-module-wrap id=\"rev_slider_19_1_wrapper\" data-source=\"gallery\" style=\"visibility:hidden;background:transparent;padding:0;margin:0px auto;margin-top:0;margin-bottom:0;\">\n\t\t\t\t<rs-module id=\"rev_slider_19_1\" style=\"\" data-version=\"6.5.23\">\n\t\t\t\t\t<rs-slides>\n\t\t\t\t\t\t<rs-slide style=\"position: absolute;\" data-key=\"rs-60\" data-title=\"Slide\" data-thumb=\"\/\/www.labellafollina.it\/wp-content\/uploads\/revslider\/slider-azienda-1\/la_bella_ristorante_slide_1-50x100.jpg\" data-in=\"x:100%;\">\n\t\t\t\t\t\t\t<img src=\"\/\/www.labellafollina.it\/wp-content\/plugins\/revslider\/public\/assets\/assets\/dummy.png\" alt=\"Agriturismo La Bella Follina Ristorante\" title=\"Agriturismo La Bella Follina Ristorante\" width=\"1920\" height=\"1070\" class=\"rev-slidebg tp-rs-img rs-lazyload\" data-lazyload=\"\/\/www.labellafollina.it\/wp-content\/uploads\/revslider\/slider-azienda-1\/la_bella_ristorante_slide_1.jpg\" data-bg=\"p:0% 78%;\" data-no-retina>\n<!--\n\t\t\t\t\t\t\t--><rs-layer\n\t\t\t\t\t\t\t\tid=\"slider-19-slide-60-layer-8\" \n\t\t\t\t\t\t\t\tdata-type=\"shape\"\n\t\t\t\t\t\t\t\tdata-rsp_ch=\"on\"\n\t\t\t\t\t\t\t\tdata-xy=\"y:b;\"\n\t\t\t\t\t\t\t\tdata-text=\"w:normal;s:20,16,12,7;l:0,20,15,9;\"\n\t\t\t\t\t\t\t\tdata-dim=\"w:100%;h:20px,16px,12px,20px;\"\n\t\t\t\t\t\t\t\tdata-vbility=\"f,f,f,f\"\n\t\t\t\t\t\t\t\tdata-basealign=\"slide\"\n\t\t\t\t\t\t\t\tdata-frame_0=\"y:bottom;o:1;\"\n\t\t\t\t\t\t\t\tdata-frame_1=\"e:none;sp:0;\"\n\t\t\t\t\t\t\t\tdata-frame_999=\"o:0;st:w;\"\n\t\t\t\t\t\t\t\tstyle=\"z-index:8;background-color:#ffffff;\"\n\t\t\t\t\t\t\t> \n\t\t\t\t\t\t\t<\/rs-layer><!--\n\n\t\t\t\t\t\t\t--><rs-layer\n\t\t\t\t\t\t\t\tid=\"slider-19-slide-60-layer-9\" \n\t\t\t\t\t\t\t\tdata-type=\"shape\"\n\t\t\t\t\t\t\t\tdata-xy=\"x:c;xo:300px,247px,187px,0;y:b;\"\n\t\t\t\t\t\t\t\tdata-text=\"w:normal;s:20,16,12,7;l:0,20,15,9;\"\n\t\t\t\t\t\t\t\tdata-dim=\"w:500px,412px,313px,380px;h:60px,49px,37px,40px;\"\n\t\t\t\t\t\t\t\tdata-basealign=\"slide\"\n\t\t\t\t\t\t\t\tdata-rsp_bd=\"off\"\n\t\t\t\t\t\t\t\tdata-frame_999=\"o:0;st:w;\"\n\t\t\t\t\t\t\t\tstyle=\"z-index:9;background-color:#3c573f;\"\n\t\t\t\t\t\t\t> \n\t\t\t\t\t\t\t<\/rs-layer><!--\n\n\t\t\t\t\t\t\t--><rs-layer\n\t\t\t\t\t\t\t\tid=\"slider-19-slide-60-layer-10\" \n\t\t\t\t\t\t\t\tdata-type=\"text\"\n\t\t\t\t\t\t\t\tdata-xy=\"x:c;xo:300px,247px,187px,0;y:b;yo:18px,14px,10px,15px;\"\n\t\t\t\t\t\t\t\tdata-text=\"w:normal;s:20,16,15,18;l:25,20,15,9;\"\n\t\t\t\t\t\t\t\tdata-basealign=\"slide\"\n\t\t\t\t\t\t\t\tdata-rsp_bd=\"off\"\n\t\t\t\t\t\t\t\tdata-frame_999=\"o:0;st:w;\"\n\t\t\t\t\t\t\t\tstyle=\"z-index:10;font-family:'Roboto';\"\n\t\t\t\t\t\t\t>C\u00d4TES DE PORC R\u00d4TIES AU FOUR \n\t\t\t\t\t\t\t<\/rs-layer><!--\n-->\t\t\t\t\t\t<\/rs-slide>\n\t\t\t\t\t\t<rs-slide style=\"position: absolute;\" data-key=\"rs-61\" data-title=\"Slide\" data-thumb=\"\/\/www.labellafollina.it\/wp-content\/uploads\/2020\/09\/la_bella_ristorante_slide_2-50x100.jpg\" data-in=\"x:100%;\">\n\t\t\t\t\t\t\t<img src=\"\/\/www.labellafollina.it\/wp-content\/plugins\/revslider\/public\/assets\/assets\/dummy.png\" alt=\"Agriturismo La Bella Follina Ristorante\" title=\"Agriturismo La Bella Follina Ristorante\" width=\"1920\" height=\"1280\" class=\"rev-slidebg tp-rs-img rs-lazyload\" data-lazyload=\"\/\/www.labellafollina.it\/wp-content\/uploads\/2020\/09\/la_bella_ristorante_slide_2.jpg\" data-bg=\"p:0% 85%;\" data-no-retina>\n<!--\n\t\t\t\t\t\t\t--><rs-layer\n\t\t\t\t\t\t\t\tid=\"slider-19-slide-61-layer-8\" \n\t\t\t\t\t\t\t\tdata-type=\"shape\"\n\t\t\t\t\t\t\t\tdata-rsp_ch=\"on\"\n\t\t\t\t\t\t\t\tdata-xy=\"y:b;\"\n\t\t\t\t\t\t\t\tdata-text=\"w:normal;s:20,16,12,7;l:0,20,15,9;\"\n\t\t\t\t\t\t\t\tdata-dim=\"w:100%;h:20px,16px,12px,20px;\"\n\t\t\t\t\t\t\t\tdata-vbility=\"f,f,f,f\"\n\t\t\t\t\t\t\t\tdata-basealign=\"slide\"\n\t\t\t\t\t\t\t\tdata-frame_0=\"y:bottom;\"\n\t\t\t\t\t\t\t\tdata-frame_1=\"sp:0;\"\n\t\t\t\t\t\t\t\tdata-frame_999=\"o:0;st:w;\"\n\t\t\t\t\t\t\t\tstyle=\"z-index:8;background-color:#ffffff;\"\n\t\t\t\t\t\t\t> \n\t\t\t\t\t\t\t<\/rs-layer><!--\n\n\t\t\t\t\t\t\t--><rs-layer\n\t\t\t\t\t\t\t\tid=\"slider-19-slide-61-layer-9\" \n\t\t\t\t\t\t\t\tdata-type=\"shape\"\n\t\t\t\t\t\t\t\tdata-xy=\"x:c;xo:300px,247px,187px,0;y:b;\"\n\t\t\t\t\t\t\t\tdata-text=\"w:normal;s:20,16,12,7;l:0,20,15,9;\"\n\t\t\t\t\t\t\t\tdata-dim=\"w:500px,412px,313px,380px;h:60px,49px,37px,40px;\"\n\t\t\t\t\t\t\t\tdata-basealign=\"slide\"\n\t\t\t\t\t\t\t\tdata-rsp_bd=\"off\"\n\t\t\t\t\t\t\t\tdata-frame_999=\"o:0;st:w;\"\n\t\t\t\t\t\t\t\tstyle=\"z-index:9;background-color:#3c573f;\"\n\t\t\t\t\t\t\t> \n\t\t\t\t\t\t\t<\/rs-layer><!--\n\n\t\t\t\t\t\t\t--><rs-layer\n\t\t\t\t\t\t\t\tid=\"slider-19-slide-61-layer-10\" \n\t\t\t\t\t\t\t\tdata-type=\"text\"\n\t\t\t\t\t\t\t\tdata-xy=\"x:c;xo:300px,247px,187px,0;y:b;yo:18px,14px,10px,15px;\"\n\t\t\t\t\t\t\t\tdata-text=\"w:normal;s:20,16,15,18;l:25,20,15,9;\"\n\t\t\t\t\t\t\t\tdata-basealign=\"slide\"\n\t\t\t\t\t\t\t\tdata-rsp_bd=\"off\"\n\t\t\t\t\t\t\t\tdata-frame_999=\"o:0;st:w;\"\n\t\t\t\t\t\t\t\tstyle=\"z-index:10;font-family:'Roboto';\"\n\t\t\t\t\t\t\t>POT-AU-FEU DE POULET \n\t\t\t\t\t\t\t<\/rs-layer><!--\n-->\t\t\t\t\t\t<\/rs-slide>\n\t\t\t\t\t\t<rs-slide style=\"position: absolute;\" data-key=\"rs-62\" data-title=\"Slide\" data-thumb=\"\/\/www.labellafollina.it\/wp-content\/uploads\/2020\/09\/la_bella_ristorante_slide_4-50x100.jpg\" data-in=\"x:100%;\">\n\t\t\t\t\t\t\t<img src=\"\/\/www.labellafollina.it\/wp-content\/plugins\/revslider\/public\/assets\/assets\/dummy.png\" alt=\"Agriturismo La Bella Follina Ristorante\" title=\"Agriturismo La Bella Follina Ristorante\" width=\"1920\" height=\"1280\" class=\"rev-slidebg tp-rs-img rs-lazyload\" data-lazyload=\"\/\/www.labellafollina.it\/wp-content\/uploads\/2020\/09\/la_bella_ristorante_slide_4.jpg\" data-bg=\"p:0% 65%;\" data-no-retina>\n<!--\n\t\t\t\t\t\t\t--><rs-layer\n\t\t\t\t\t\t\t\tid=\"slider-19-slide-62-layer-8\" \n\t\t\t\t\t\t\t\tdata-type=\"shape\"\n\t\t\t\t\t\t\t\tdata-rsp_ch=\"on\"\n\t\t\t\t\t\t\t\tdata-xy=\"y:b;\"\n\t\t\t\t\t\t\t\tdata-text=\"w:normal;s:20,16,12,7;l:0,20,15,9;\"\n\t\t\t\t\t\t\t\tdata-dim=\"w:100%;h:20px,16px,12px,20px;\"\n\t\t\t\t\t\t\t\tdata-vbility=\"f,f,f,f\"\n\t\t\t\t\t\t\t\tdata-basealign=\"slide\"\n\t\t\t\t\t\t\t\tdata-frame_0=\"y:bottom;\"\n\t\t\t\t\t\t\t\tdata-frame_999=\"o:0;st:w;\"\n\t\t\t\t\t\t\t\tstyle=\"z-index:8;background-color:#ffffff;\"\n\t\t\t\t\t\t\t> \n\t\t\t\t\t\t\t<\/rs-layer><!--\n\n\t\t\t\t\t\t\t--><rs-layer\n\t\t\t\t\t\t\t\tid=\"slider-19-slide-62-layer-9\" \n\t\t\t\t\t\t\t\tdata-type=\"shape\"\n\t\t\t\t\t\t\t\tdata-xy=\"x:c;xo:300px,247px,187px,0;y:b;\"\n\t\t\t\t\t\t\t\tdata-text=\"w:normal;s:20,16,12,7;l:0,20,15,9;\"\n\t\t\t\t\t\t\t\tdata-dim=\"w:500px,412px,313px,380px;h:60px,49px,37px,40px;\"\n\t\t\t\t\t\t\t\tdata-basealign=\"slide\"\n\t\t\t\t\t\t\t\tdata-rsp_bd=\"off\"\n\t\t\t\t\t\t\t\tdata-frame_999=\"o:0;st:w;\"\n\t\t\t\t\t\t\t\tstyle=\"z-index:9;background-color:#3c573f;\"\n\t\t\t\t\t\t\t> \n\t\t\t\t\t\t\t<\/rs-layer><!--\n\n\t\t\t\t\t\t\t--><rs-layer\n\t\t\t\t\t\t\t\tid=\"slider-19-slide-62-layer-10\" \n\t\t\t\t\t\t\t\tdata-type=\"text\"\n\t\t\t\t\t\t\t\tdata-xy=\"x:c;xo:300px,247px,187px,0;y:b;yo:18px,14px,10px,15px;\"\n\t\t\t\t\t\t\t\tdata-text=\"w:normal;s:20,16,15,18;l:25,20,15,9;\"\n\t\t\t\t\t\t\t\tdata-basealign=\"slide\"\n\t\t\t\t\t\t\t\tdata-rsp_bd=\"off\"\n\t\t\t\t\t\t\t\tdata-frame_999=\"o:0;st:w;\"\n\t\t\t\t\t\t\t\tstyle=\"z-index:10;font-family:'Roboto';\"\n\t\t\t\t\t\t\t>P\u00c2TES TAGLIOLINI \u00c0 LA SAUCE RAG\u00d9 \n\t\t\t\t\t\t\t<\/rs-layer><!--\n-->\t\t\t\t\t\t<\/rs-slide>\n\t\t\t\t\t\t<rs-slide style=\"position: absolute;\" data-key=\"rs-63\" data-title=\"Slide\" data-thumb=\"\/\/www.labellafollina.it\/wp-content\/uploads\/2020\/09\/la_bella_ristorante_slide_3-50x100.jpg\" data-in=\"x:100%;\">\n\t\t\t\t\t\t\t<img src=\"\/\/www.labellafollina.it\/wp-content\/plugins\/revslider\/public\/assets\/assets\/dummy.png\" alt=\"Agriturismo La Bella Follina Ristorante\" title=\"Agriturismo La Bella Follina Ristorante\" width=\"1920\" height=\"960\" class=\"rev-slidebg tp-rs-img rs-lazyload\" data-lazyload=\"\/\/www.labellafollina.it\/wp-content\/uploads\/2020\/09\/la_bella_ristorante_slide_3.jpg\" data-bg=\"p:0% 65%;\" data-no-retina>\n<!--\n\t\t\t\t\t\t\t--><rs-layer\n\t\t\t\t\t\t\t\tid=\"slider-19-slide-63-layer-8\" \n\t\t\t\t\t\t\t\tdata-type=\"shape\"\n\t\t\t\t\t\t\t\tdata-rsp_ch=\"on\"\n\t\t\t\t\t\t\t\tdata-xy=\"y:b;\"\n\t\t\t\t\t\t\t\tdata-text=\"w:normal;s:20,16,12,7;l:0,20,15,9;\"\n\t\t\t\t\t\t\t\tdata-dim=\"w:100%;h:20px,16px,12px,20px;\"\n\t\t\t\t\t\t\t\tdata-vbility=\"f,f,f,f\"\n\t\t\t\t\t\t\t\tdata-basealign=\"slide\"\n\t\t\t\t\t\t\t\tdata-frame_0=\"y:bottom;\"\n\t\t\t\t\t\t\t\tdata-frame_999=\"o:0;st:w;\"\n\t\t\t\t\t\t\t\tstyle=\"z-index:8;background-color:#ffffff;\"\n\t\t\t\t\t\t\t> \n\t\t\t\t\t\t\t<\/rs-layer><!--\n\n\t\t\t\t\t\t\t--><rs-layer\n\t\t\t\t\t\t\t\tid=\"slider-19-slide-63-layer-9\" \n\t\t\t\t\t\t\t\tdata-type=\"shape\"\n\t\t\t\t\t\t\t\tdata-xy=\"x:c;xo:300px,247px,187px,0;y:b;\"\n\t\t\t\t\t\t\t\tdata-text=\"w:normal;s:20,16,12,7;l:0,20,15,9;\"\n\t\t\t\t\t\t\t\tdata-dim=\"w:500px,412px,313px,380px;h:60px,49px,37px,40px;\"\n\t\t\t\t\t\t\t\tdata-basealign=\"slide\"\n\t\t\t\t\t\t\t\tdata-rsp_bd=\"off\"\n\t\t\t\t\t\t\t\tdata-frame_999=\"o:0;st:w;\"\n\t\t\t\t\t\t\t\tstyle=\"z-index:9;background-color:#3c573f;\"\n\t\t\t\t\t\t\t> \n\t\t\t\t\t\t\t<\/rs-layer><!--\n\n\t\t\t\t\t\t\t--><rs-layer\n\t\t\t\t\t\t\t\tid=\"slider-19-slide-63-layer-10\" \n\t\t\t\t\t\t\t\tdata-type=\"text\"\n\t\t\t\t\t\t\t\tdata-xy=\"x:c;xo:300px,247px,187px,0;y:b;yo:18px,14px,10px,15px;\"\n\t\t\t\t\t\t\t\tdata-text=\"w:normal;s:20,16,15,18;l:25,20,15,9;\"\n\t\t\t\t\t\t\t\tdata-basealign=\"slide\"\n\t\t\t\t\t\t\t\tdata-rsp_bd=\"off\"\n\t\t\t\t\t\t\t\tdata-frame_999=\"o:0;st:w;\"\n\t\t\t\t\t\t\t\tstyle=\"z-index:10;font-family:'Roboto';\"\n\t\t\t\t\t\t\t>TRUITE MARIN\u00c9E \"IN SAOR\" TRADITIONNELLE \n\t\t\t\t\t\t\t<\/rs-layer><!--\n-->\t\t\t\t\t\t<\/rs-slide>\n\t\t\t\t\t<\/rs-slides>\n\t\t\t\t<\/rs-module>\n\t\t\t\t<script>\n\t\t\t\t\tsetREVStartSize({c: 'rev_slider_19_1',rl:[1240,1024,778,480],el:[540,540,480,480],gw:[1240,1024,778,480],gh:[540,540,480,480],type:'carousel',justify:'',layout:'fullwidth',mh:\"0\"});if (window.RS_MODULES!==undefined && window.RS_MODULES.modules!==undefined && window.RS_MODULES.modules[\"revslider191\"]!==undefined) {window.RS_MODULES.modules[\"revslider191\"].once = false;window.revapi19 = undefined;if (window.RS_MODULES.checkMinimal!==undefined) window.RS_MODULES.checkMinimal()}\n\t\t\t\t<\/script>\n\t\t\t<\/rs-module-wrap>\n\t\t\t<!-- END REVOLUTION SLIDER -->\n[\/vc_column][\/vc_row][vc_row overflow=&#8221;default&#8221; css=&#8221;.vc_custom_1601400964181{padding-top: 60px !important;padding-right: 30px !important;padding-bottom: 60px !important;padding-left: 30px !important;}&#8221; padding_tablet=&#8221;40px 20px 40px 20px&#8221;][vc_column width=&#8221;1\/6&#8243;][\/vc_column][vc_column width=&#8221;2\/3&#8243;]\n<div class=\"sh-heading  \" id=\"heading-FRE4ePxlAo\">\n\t<div class=\"sh-element-margin\">\n\n\t\t\n\t\t\t<h3 class=\"sh-heading-content size-default text-center\">\n\t\t\t\t``J'ai transform\u00e9 ma passion en m\u00e9tier``\t\t\t<\/h3>\n\n\t\t\n\t<\/div>\n<\/div>\n            <style type=\"text\/css\">\n                #heading-FRE4ePxlAo .sh-element-margin {margin: 0px 0px 10px 0px;}#heading-FRE4ePxlAo .sh-heading-content {font-weight: 400!important;}#heading-FRE4ePxlAo .sh-heading-content,#heading-FRE4ePxlAo .sh-heading-additional-text {}            <\/style>\n        [vc_column_text]<\/p>\n<p style=\"text-align: center;\">ELISA<\/p>\n<p>[\/vc_column_text][\/vc_column][vc_column width=&#8221;1\/6&#8243;][\/vc_column][\/vc_row][vc_row full_width=&#8221;stretch_row_content_no_spaces&#8221; css_animation=&#8221;none&#8221; overflow=&#8221;default&#8221; padding_tablet=&#8221;0px 0px 0px 0px&#8221;][vc_column]\n\n\n\n<div id=\"image-gallery-mdI401JaxN\" class=\"sh-image-gallery sh-image-gallery-noverlay sh-image-gallery-nozoom sh-image-gallery-container sh-image-gallery-disable\"  data-autoplay=\"3000\" data-columns=\"4\">\n\t\t\t<div class=\"sh-image-gallery-item\">\n\t\t\t<div class=\"sh-gallery-item\">\n\t\t\t\t<div class=\"post-meta-thumb\">\n\n\t\t\t\t\t\t\t\t\t\t\t<img src=\"https:\/\/www.labellafollina.it\/wp-content\/uploads\/2020\/09\/la_bella_4597-660x660.jpg\" alt=\"la_bella_4597\" \/>\n\t\t\t\t\t\n\t\t\t\t\t\t\t\t\t<\/div>\n\t\t\t<\/div>\n\t\t<\/div>\n\t\t\t<div class=\"sh-image-gallery-item\">\n\t\t\t<div class=\"sh-gallery-item\">\n\t\t\t\t<div class=\"post-meta-thumb\">\n\n\t\t\t\t\t\t\t\t\t\t\t<img src=\"https:\/\/www.labellafollina.it\/wp-content\/uploads\/2020\/09\/la_bella_4705-660x660.jpg\" alt=\"la_bella_4705\" \/>\n\t\t\t\t\t\n\t\t\t\t\t\t\t\t\t<\/div>\n\t\t\t<\/div>\n\t\t<\/div>\n\t\t\t<div class=\"sh-image-gallery-item\">\n\t\t\t<div class=\"sh-gallery-item\">\n\t\t\t\t<div class=\"post-meta-thumb\">\n\n\t\t\t\t\t\t\t\t\t\t\t<img src=\"https:\/\/www.labellafollina.it\/wp-content\/uploads\/2020\/09\/la_bella_4606-660x660.jpg\" alt=\"la_bella_4606\" \/>\n\t\t\t\t\t\n\t\t\t\t\t\t\t\t\t<\/div>\n\t\t\t<\/div>\n\t\t<\/div>\n\t\t\t<div class=\"sh-image-gallery-item\">\n\t\t\t<div class=\"sh-gallery-item\">\n\t\t\t\t<div class=\"post-meta-thumb\">\n\n\t\t\t\t\t\t\t\t\t\t\t<img src=\"https:\/\/www.labellafollina.it\/wp-content\/uploads\/2020\/09\/la_bella_4580-660x660.jpg\" alt=\"la_bella_4580\" \/>\n\t\t\t\t\t\n\t\t\t\t\t\t\t\t\t<\/div>\n\t\t\t<\/div>\n\t\t<\/div>\n\t\t\t<div class=\"sh-image-gallery-item\">\n\t\t\t<div class=\"sh-gallery-item\">\n\t\t\t\t<div class=\"post-meta-thumb\">\n\n\t\t\t\t\t\t\t\t\t\t\t<img src=\"https:\/\/www.labellafollina.it\/wp-content\/uploads\/2020\/09\/la_bella_3258-660x660.jpg\" alt=\"la_bella_3258\" \/>\n\t\t\t\t\t\n\t\t\t\t\t\t\t\t\t<\/div>\n\t\t\t<\/div>\n\t\t<\/div>\n\t\t\t<div class=\"sh-image-gallery-item\">\n\t\t\t<div class=\"sh-gallery-item\">\n\t\t\t\t<div class=\"post-meta-thumb\">\n\n\t\t\t\t\t\t\t\t\t\t\t<img src=\"https:\/\/www.labellafollina.it\/wp-content\/uploads\/2020\/09\/la_bella_4582-660x660.jpg\" alt=\"la_bella_4582\" \/>\n\t\t\t\t\t\n\t\t\t\t\t\t\t\t\t<\/div>\n\t\t\t<\/div>\n\t\t<\/div>\n\t\t\t<div class=\"sh-image-gallery-item\">\n\t\t\t<div class=\"sh-gallery-item\">\n\t\t\t\t<div class=\"post-meta-thumb\">\n\n\t\t\t\t\t\t\t\t\t\t\t<img src=\"https:\/\/www.labellafollina.it\/wp-content\/uploads\/2020\/09\/la_bella_4686-660x660.jpg\" alt=\"la_bella_4686\" \/>\n\t\t\t\t\t\n\t\t\t\t\t\t\t\t\t<\/div>\n\t\t\t<\/div>\n\t\t<\/div>\n\t\t\t<div class=\"sh-image-gallery-item\">\n\t\t\t<div class=\"sh-gallery-item\">\n\t\t\t\t<div class=\"post-meta-thumb\">\n\n\t\t\t\t\t\t\t\t\t\t\t<img src=\"https:\/\/www.labellafollina.it\/wp-content\/uploads\/2020\/09\/la_bella_4701-660x660.jpg\" alt=\"la_bella_4701\" \/>\n\t\t\t\t\t\n\t\t\t\t\t\t\t\t\t<\/div>\n\t\t\t<\/div>\n\t\t<\/div>\n\t\t\t<div class=\"sh-image-gallery-item\">\n\t\t\t<div class=\"sh-gallery-item\">\n\t\t\t\t<div class=\"post-meta-thumb\">\n\n\t\t\t\t\t\t\t\t\t\t\t<img src=\"https:\/\/www.labellafollina.it\/wp-content\/uploads\/2020\/09\/la_bella_4711-660x660.jpg\" alt=\"la_bella_4711\" \/>\n\t\t\t\t\t\n\t\t\t\t\t\t\t\t\t<\/div>\n\t\t\t<\/div>\n\t\t<\/div>\n\t\t\t<div class=\"sh-image-gallery-item\">\n\t\t\t<div class=\"sh-gallery-item\">\n\t\t\t\t<div class=\"post-meta-thumb\">\n\n\t\t\t\t\t\t\t\t\t\t\t<img src=\"https:\/\/www.labellafollina.it\/wp-content\/uploads\/2020\/09\/la_bella_4753-660x660.jpg\" alt=\"la_bella_4753\" \/>\n\t\t\t\t\t\n\t\t\t\t\t\t\t\t\t<\/div>\n\t\t\t<\/div>\n\t\t<\/div>\n\t<\/div>\n            <style type=\"text\/css\">\n                #image-gallery-mdI401JaxN .sh-gallery-item,#image-gallery-mdI401JaxN .slick-dots {margin: 0px 0px 0px 0px;}#image-gallery-mdI401JaxN .slick-list {margin: -0px -0px -0px -0px ;}#image-gallery-mdI401JaxN .slick-dots li.slick-active button {background-color: #3c573f!important;}            <\/style>\n        [\/vc_column][\/vc_row]<\/p>\n","protected":false},"excerpt":{"rendered":"<p>[vc_row full_width=&#8221;stretch_row&#8221; parallax=&#8221;content-moving&#8221; parallax_image=&#8221;274&#8243; overflow=&#8221;default&#8221; css=&#8221;.vc_custom_1602687645345{padding-top: 250px !important;padding-right: 20px !important;padding-bottom: 50px !important;padding-left: 20px !important;}&#8221; padding_tablet=&#8221;200px 20px 50px 20px&#8221; el_class=&#8221;sw-header-title&#8221;][vc_column] Notre ferme-auberge [\/vc_column][\/vc_row][vc_row full_width=&#8221;stretch_row&#8221; equal_height=&#8221;yes&#8221; content_placement=&#8221;middle&#8221; column_order=&#8221;reversed&#8221; overflow=&#8221;default&#8221; css=&#8221;.vc_custom_1602236306549{padding-top: 40px !important;padding-right: 40px !important;padding-bottom: 40px !important;padding-left: 40px !important;}&#8221; padding_tablet=&#8221;0px 0px 0px 0px&#8221;][vc_column width=&#8221;1\/2&#8243; overflow=&#8221;default&#8221; css=&#8221;.vc_custom_1601400474694{padding-top: 60px !important;padding-right:&#8230;<\/p>\n","protected":false},"author":6,"featured_media":0,"parent":0,"menu_order":0,"comment_status":"closed","ping_status":"closed","template":"","meta":[],"_links":{"self":[{"href":"https:\/\/www.labellafollina.it\/fr\/wp-json\/wp\/v2\/pages\/1007"}],"collection":[{"href":"https:\/\/www.labellafollina.it\/fr\/wp-json\/wp\/v2\/pages"}],"about":[{"href":"https:\/\/www.labellafollina.it\/fr\/wp-json\/wp\/v2\/types\/page"}],"author":[{"embeddable":true,"href":"https:\/\/www.labellafollina.it\/fr\/wp-json\/wp\/v2\/users\/6"}],"replies":[{"embeddable":true,"href":"https:\/\/www.labellafollina.it\/fr\/wp-json\/wp\/v2\/comments?post=1007"}],"version-history":[{"count":1,"href":"https:\/\/www.labellafollina.it\/fr\/wp-json\/wp\/v2\/pages\/1007\/revisions"}],"predecessor-version":[{"id":1008,"href":"https:\/\/www.labellafollina.it\/fr\/wp-json\/wp\/v2\/pages\/1007\/revisions\/1008"}],"wp:attachment":[{"href":"https:\/\/www.labellafollina.it\/fr\/wp-json\/wp\/v2\/media?parent=1007"}],"curies":[{"name":"wp","href":"https:\/\/api.w.org\/{rel}","templated":true}]}}