{"id":1020,"date":"2023-06-10T12:52:39","date_gmt":"2023-06-10T12:52:39","guid":{"rendered":"http:\/\/www.labellafollina.it\/?page_id=1020"},"modified":"2023-06-10T12:47:18","modified_gmt":"2023-06-10T12:47:18","slug":"elisa","status":"publish","type":"page","link":"https:\/\/www.labellafollina.it\/fr\/elisa\/","title":{"rendered":"Elisa"},"content":{"rendered":"<p>[vc_row full_width=&#8221;stretch_row&#8221; parallax=&#8221;content-moving&#8221; parallax_image=&#8221;523&#8243; overflow=&#8221;default&#8221; css=&#8221;.vc_custom_1645795582222{padding-top: 250px !important;padding-right: 20px !important;padding-bottom: 50px !important;padding-left: 20px !important;}&#8221; padding_tablet=&#8221;200px 20px 50px 20px&#8221; el_class=&#8221;sw-header-title&#8221;][vc_column]\n<div class=\"sh-heading   sh-animated fadeIn\" id=\"heading-B5YWTw03Gs\"data-wow-duration=\"1s\">\n\t<div class=\"sh-element-margin\">\n\n\t\t\n\t\t\t<h1 class=\"sh-heading-content size-xxl text-left\">\n\t\t\t\tElisa\t\t\t<\/h1>\n\n\t\t\n\t<\/div>\n<\/div>\n            <style type=\"text\/css\">\n                #heading-B5YWTw03Gs .sh-element-margin {}#heading-B5YWTw03Gs .sh-heading-content {font-weight: 400!important;color: #ffffff;}#heading-B5YWTw03Gs .sh-heading-content,#heading-B5YWTw03Gs .sh-heading-additional-text {}            <\/style>\n        [\/vc_column][\/vc_row][vc_row full_width=&#8221;stretch_row&#8221; equal_height=&#8221;yes&#8221; content_placement=&#8221;middle&#8221; overflow=&#8221;default&#8221; css=&#8221;.vc_custom_1643213086083{padding-top: 40px !important;padding-right: 40px !important;padding-left: 40px !important;}&#8221; padding_tablet=&#8221;0px 0px 0px 0px&#8221;][vc_column width=&#8221;1\/2&#8243; overflow=&#8221;default&#8221; max_width=&#8221;460&#8243; css=&#8221;.vc_custom_1601400537907{padding-top: 100px !important;padding-right: 60px !important;padding-bottom: 100px !important;padding-left: 60px !important;}&#8221; padding_tablet=&#8221;40px 30px 40px 30px&#8221;][vc_column_text css=&#8221;.vc_custom_1643208414558{margin-bottom: 10px !important;padding-bottom: 0px !important;}&#8221;]<\/p>\n<h4>Elisa<\/h4>\n<p>[\/vc_column_text][vc_column_text css=&#8221;.vc_custom_1686401171255{margin-bottom: 0px !important;padding-bottom: 0px !important;}&#8221;]<\/p>\n<h2>Je suis Elisa, la chef de l&#8217;Agriturismo<br \/>\nLa Bella \u00e0 Follina.<\/h2>\n<p>[\/vc_column_text]\n            \n            <div class=\"sh-empty-space vc_empty_space sh-empty-space-dr27TSEoJG  \" style=\"height: 20px\">\n                <span class=\"vc_empty_space_inner\"><\/span>\n            <\/div>\n\n        [vc_column_text]<\/p>\n<p style=\"text-align: left; font-weight: 400;\">J&#8217;ai grandi professionnellement parmi les fourneaux et les casseroles dans diff\u00e9rents \u00e9tablissements de la r\u00e9gion du Triveneto et dans des environnements culinaires prestigieux tels que le Tivoli \u00e0 Cortina avec Graziano Presti, la Villa Fiordaliso \u00e0 Gardone Riviera avec Riccardo Camanini et L Chimpl da Tamion avec Stefano Ghetta. En 2019, j&#8217;ai d\u00e9cid\u00e9 de mettre ma vision culinaire \u00e0 l&#8217;honneur \u00e0 l&#8217;Agriturismo La Bella. C&#8217;est une cuisine qui est enracin\u00e9e dans la terre, qui interpr\u00e8te les ingr\u00e9dients de mani\u00e8re authentique et respecte la tradition. Pour moi, un plat ne se limite pas \u00e0 satisfaire un besoin physique ou \u00e0 offrir une exp\u00e9rience temporaire ; c&#8217;est un mode de vie!<\/p>\n<p style=\"text-align: left;\"><span style=\"font-size: 14px;\">La ferme et l&#8217;agriturismo sont devenus ma maison, la r\u00e9alisation d&#8217;un r\u00eave. Tout comme \u00e0 la maison, l&#8217;hospitalit\u00e9 et l&#8217;accueil des invit\u00e9s sont toujours une priorit\u00e9 pour moi. J&#8217;ouvre mes bras chaque jour \u00e0 tous ceux qui souhaitent me rendre visite et partager ma vision et qui je suis.<\/span><\/p>\n<p>[\/vc_column_text][\/vc_column][vc_column width=&#8221;1\/2&#8243; overflow=&#8221;default&#8221; css=&#8221;.vc_custom_1601400474694{padding-top: 60px !important;padding-right: 40px !important;padding-bottom: 40px !important;padding-left: 40px !important;background-position: center !important;background-repeat: no-repeat !important;background-size: cover !important;}&#8221; padding_tablet=&#8221;0px 0px 0px 0px&#8221; max_width=&#8221;540px&#8221; el_id=&#8221;sw_grid_3&#8243;][vc_raw_html]JTNDZGl2JTIwY2xhc3MlM0QlMjJ3cGJfd3JhcHBlciUyMiUyMHN0eWxlJTNEJTIyd2lkdGglM0ElMjAxMDAlMjUlM0IlMjBtYXgtd2lkdGglM0ElMjA1NDBweCUzQiUyMG1hcmdpbi1sZWZ0JTNBJTIwYXV0byUzQiUyMG1hcmdpbi1yaWdodCUzQSUyMGF1dG8lM0IlMjIlM0UlMEElM0NkaXYlMjBjbGFzcyUzRCUyMnZjX2dyaWQtY29udGFpbmVyLXdyYXBwZXIlMjB2Y19jbGVhcmZpeCUyMiUzRSUwQSUzQ2RpdiUyMGNsYXNzJTNEJTIydmNfZ3JpZC1jb250YWluZXIlMjB2Y19jbGVhcmZpeCUyMHdwYl9jb250ZW50X2VsZW1lbnQlMjB2Y19tZWRpYV9ncmlkJTIyJTIwZGF0YS1pbml0aWFsLWxvYWRpbmctYW5pbWF0aW9uJTNEJTIybm9uZSUyMiUyMGRhdGEtdmMtZ3JpZC1zZXR0aW5ncyUzRCUyMiU3QiUyNnF1b3QlM0JwYWdlX2lkJTI2cXVvdCUzQiUzQTIlMkMlMjZxdW90JTNCc3R5bGUlMjZxdW90JTNCJTNBJTI2cXVvdCUzQmFsbCUyNnF1b3QlM0IlMkMlMjZxdW90JTNCYWN0aW9uJTI2cXVvdCUzQiUzQSUyNnF1b3QlM0J2Y19nZXRfdmNfZ3JpZF9kYXRhJTI2cXVvdCUzQiUyQyUyNnF1b3QlM0JzaG9ydGNvZGVfaWQlMjZxdW90JTNCJTNBJTI2cXVvdCUzQjE2MDQ5NDc3Mzk0NzktY2ZjYzkyYWMtNDNiYS03JTI2cXVvdCUzQiUyQyUyNnF1b3QlM0J0YWclMjZxdW90JTNCJTNBJTI2cXVvdCUzQnZjX21lZGlhX2dyaWQlMjZxdW90JTNCJTdEJTIyJTIwZGF0YS12Yy1yZXF1ZXN0JTNEJTIyaHR0cHMlM0ElMkYlMkZ3d3cubGFiZWxsYWZvbGxpbmEuaXQlMkZ3cC1hZG1pbiUyRmFkbWluLWFqYXgucGhwJTIyJTIwZGF0YS12Yy1wb3N0LWlkJTNEJTIyMiUyMiUyMGRhdGEtdmMtcHVibGljLW5vbmNlJTNEJTIyZTNmZjRkNDI2YyUyMiUzRSUwQSUzQ2RpdiUyMGNsYXNzJTNEJTIydmNfZ3JpZCUyMHZjX3JvdyUyMHZjX2dyaWQtZ3V0dGVyLTEwcHglMjB2Y19wYWdlYWJsZS13cmFwcGVyJTIwdmNfaG9va19ob3ZlciUyMiUyMGRhdGEtdmMtcGFnZWFibGUtY29udGVudCUzRCUyMnRydWUlMjIlM0UlMEElM0NkaXYlMjBjbGFzcyUzRCUyMnZjX3BhZ2VhYmxlLXNsaWRlLXdyYXBwZXIlMjB2Y19jbGVhcmZpeCUyMiUyMGRhdGEtdmMtZ3JpZC1jb250ZW50JTNEJTIydHJ1ZSUyMiUzRSUwQSUzQ2RpdiUyMGNsYXNzJTNEJTIydmNfZ3JpZC1pdGVtJTIwdmNfY2xlYXJmaXglMjB2Y19jb2wtc20tNiUyMHZjX3Zpc2libGUtaXRlbSUyMiUzRSUwQSUzQ2RpdiUyMGNsYXNzJTNEJTIydmNfZ3JpZC1pdGVtLW1pbmklMjB2Y19jbGVhcmZpeCUyMiUzRSUwQSUzQ2RpdiUyMGNsYXNzJTNEJTIydmNfZ2l0ZW0tYW5pbWF0ZWQtYmxvY2slMjAlMjIlM0UlMEElM0NkaXYlMjBjbGFzcyUzRCUyMnZjX2dpdGVtLXpvbmUlMjB2Y19naXRlbS16b25lLWElMjB2Yy1naXRlbS16b25lLWhlaWdodC1tb2RlLWF1dG8lMjB2Yy1naXRlbS16b25lLWhlaWdodC1tb2RlLWF1dG8tMS0xJTIyJTIwc3R5bGUlM0QlMjJiYWNrZ3JvdW5kLWltYWdlJTNBJTIwdXJsJTI4JTI3aHR0cCUzQSUyRiUyRnd3dy5sYWJlbGxhZm9sbGluYS5pdCUyRndwLWNvbnRlbnQlMkZ1cGxvYWRzJTJGMjAyMCUyRjA5JTJGZWxpc2EzLWUxNjQzMzAxMDE0ODYxLmpwZyUyNyUyOSUyMCUyMWltcG9ydGFudCUzQiUyMiUzRSUwQSUwQSUzQ2ltZyUyMGNsYXNzJTNEJTIydmNfZ2l0ZW0tem9uZS1pbWclMjIlMjBzcmMlM0QlMjJodHRwJTNBJTJGJTJGd3d3LmxhYmVsbGFmb2xsaW5hLml0JTJGd3AtY29udGVudCUyRnVwbG9hZHMlMkYyMDIwJTJGMDklMkZlbGlzYTMtZTE2NDMzMDEwMTQ4NjEuanBnJTIyJTIwYWx0JTNEJTIyQXppZW5kYSUyMEFncmljb2xhJTIwTGElMjBCZWxsYSUyME9ydG8lMjIlMjAlMkYlM0UlMEElM0NkaXYlMjBjbGFzcyUzRCUyMnZjX2dpdGVtLXpvbmUtbWluaSUyMiUzRSUzQyUyRmRpdiUzRSUwQSUzQyUyRmRpdiUzRSUwQSUzQyUyRmRpdiUzRSUwQSUzQyUyRmRpdiUzRSUwQSUzQ2RpdiUyMGNsYXNzJTNEJTIydmNfY2xlYXJmaXglMjIlM0UlM0MlMkZkaXYlM0UlMEElM0MlMkZkaXYlM0UlMEElM0NkaXYlMjBjbGFzcyUzRCUyMnZjX2dyaWQtaXRlbSUyMHZjX2NsZWFyZml4JTIwdmNfY29sLXNtLTYlMjB2Y192aXNpYmxlLWl0ZW0lMjIlM0UlMEElM0NkaXYlMjBjbGFzcyUzRCUyMnZjX2dyaWQtaXRlbS1taW5pJTIwdmNfY2xlYXJmaXglMjIlM0UlMEElM0NkaXYlMjBjbGFzcyUzRCUyMnZjX2dpdGVtLWFuaW1hdGVkLWJsb2NrJTIwJTIyJTNFJTBBJTNDZGl2JTIwY2xhc3MlM0QlMjJ2Y19naXRlbS16b25lJTIwdmNfZ2l0ZW0tem9uZS1hJTIwdmMtZ2l0ZW0tem9uZS1oZWlnaHQtbW9kZS1hdXRvJTIwdmMtZ2l0ZW0tem9uZS1oZWlnaHQtbW9kZS1hdXRvLTEtMSUyMiUyMHN0eWxlJTNEJTIyYmFja2dyb3VuZC1pbWFnZSUzQSUyMHVybCUyOCUyN2h0dHAlM0ElMkYlMkZ3d3cubGFiZWxsYWZvbGxpbmEuaXQlMkZ3cC1jb250ZW50JTJGdXBsb2FkcyUyRjIwMjAlMkYwOSUyRmVsaXNhNC5qcGclMjclMjklMjAlMjFpbXBvcnRhbnQlM0IlMjIlM0UlMEElMEElM0NpbWclMjBjbGFzcyUzRCUyMnZjX2dpdGVtLXpvbmUtaW1nJTIyJTIwc3JjJTNEJTIyaHR0cCUzQSUyRiUyRnd3dy5sYWJlbGxhZm9sbGluYS5pdCUyRndwLWNvbnRlbnQlMkZ1cGxvYWRzJTJGMjAyMCUyRjA5JTJGZWxpc2E0LmpwZyUyMiUyMGFsdCUzRCUyMkF6aWVuZGElMjBBZ3JpY29sYSUyMExhJTIwQmVsbGElMjBPcnRvJTIyJTIwJTJGJTNFJTBBJTNDZGl2JTIwY2xhc3MlM0QlMjJ2Y19naXRlbS16b25lLW1pbmklMjIlM0UlM0MlMkZkaXYlM0UlMEElM0MlMkZkaXYlM0UlMEElM0MlMkZkaXYlM0UlMEElM0MlMkZkaXYlM0UlMEElM0NkaXYlMjBjbGFzcyUzRCUyMnZjX2NsZWFyZml4JTIyJTNFJTNDJTJGZGl2JTNFJTBBJTNDJTJGZGl2JTNFJTBBJTNDZGl2JTIwY2xhc3MlM0QlMjJ2Y19ncmlkLWl0ZW0lMjB2Y19jbGVhcmZpeCUyMHZjX2NvbC1zbS02JTIwdmNfdmlzaWJsZS1pdGVtJTIyJTNFJTBBJTNDZGl2JTIwY2xhc3MlM0QlMjJ2Y19ncmlkLWl0ZW0tbWluaSUyMHZjX2NsZWFyZml4JTIyJTNFJTBBJTNDZGl2JTIwY2xhc3MlM0QlMjJ2Y19naXRlbS1hbmltYXRlZC1ibG9jayUyMCUyMiUzRSUwQSUzQ2RpdiUyMGNsYXNzJTNEJTIydmNfZ2l0ZW0tem9uZSUyMHZjX2dpdGVtLXpvbmUtYSUyMHZjLWdpdGVtLXpvbmUtaGVpZ2h0LW1vZGUtYXV0byUyMHZjLWdpdGVtLXpvbmUtaGVpZ2h0LW1vZGUtYXV0by0xLTElMjIlMjBzdHlsZSUzRCUyMmJhY2tncm91bmQtaW1hZ2UlM0ElMjB1cmwlMjglMjdodHRwJTNBJTJGJTJGd3d3LmxhYmVsbGFmb2xsaW5hLml0JTJGd3AtY29udGVudCUyRnVwbG9hZHMlMkYyMDIwJTJGMDklMkZlbGlzYTIuanBnJTI3JTI5JTIwJTIxaW1wb3J0YW50JTNCJTIyJTNFJTBBJTBBJTNDaW1nJTIwY2xhc3MlM0QlMjJ2Y19naXRlbS16b25lLWltZyUyMiUyMHNyYyUzRCUyMmh0dHAlM0ElMkYlMkZ3d3cubGFiZWxsYWZvbGxpbmEuaXQlMkZ3cC1jb250ZW50JTJGdXBsb2FkcyUyRjIwMjAlMkYwOSUyRmVsaXNhMi5qcGclMjIlMjBhbHQlM0QlMjJBZ3JpdHVyaXNtbyUyMExhJTIwQmVsbGElMjBGb2xsaW5hJTIyJTIwJTJGJTNFJTBBJTNDZGl2JTIwY2xhc3MlM0QlMjJ2Y19naXRlbS16b25lLW1pbmklMjIlM0UlM0MlMkZkaXYlM0UlMEElM0MlMkZkaXYlM0UlMEElM0MlMkZkaXYlM0UlMEElM0MlMkZkaXYlM0UlMEElM0NkaXYlMjBjbGFzcyUzRCUyMnZjX2NsZWFyZml4JTIyJTNFJTNDJTJGZGl2JTNFJTBBJTNDJTJGZGl2JTNFJTBBJTNDJTJGZGl2JTNFJTBBJTNDJTJGZGl2JTNFJTBBJTNDJTJGZGl2JTNFJTBBJTNDJTJGZGl2JTNFJTBBJTNDc3R5bGUlMjB0eXBlJTNEJTIydGV4dCUyRmNzcyUyMiUzRSU0MG1lZGlhJTIwJTI4bWF4LXdpZHRoJTNBJTIwODAwcHglMjklMjAlN0IlMjAudmNfY29sdW1uXzY4NDcyNjUwMSUyMCUzRSUyMC52Y19jb2x1bW4taW5uZXIlMjAlN0IlMjBwYWRkaW5nJTNBJTIwMHB4JTIwMHB4JTIwMHB4JTIwMHB4JTIxaW1wb3J0YW50JTNCJTdEJTdEJTNDJTJGc3R5bGUlM0UlM0MlMkZkaXYlM0U=[\/vc_raw_html][\/vc_column][\/vc_row][vc_row overflow=&#8221;default&#8221; css=&#8221;.vc_custom_1601400964181{padding-top: 60px !important;padding-right: 30px !important;padding-bottom: 60px !important;padding-left: 30px !important;}&#8221; padding_tablet=&#8221;40px 20px 40px 20px&#8221;][vc_column width=&#8221;1\/6&#8243;][\/vc_column][vc_column width=&#8221;2\/3&#8243;]\n<div class=\"sh-heading  \" id=\"heading-osudpmNvr7\">\n\t<div class=\"sh-element-margin\">\n\n\t\t\n\t\t\t<h3 class=\"sh-heading-content size-default text-center\">\n\t\t\t\t``J'ai transform\u00e9 ma passion en m\u00e9tier``\t\t\t<\/h3>\n\n\t\t\n\t<\/div>\n<\/div>\n            <style type=\"text\/css\">\n                #heading-osudpmNvr7 .sh-element-margin {margin: 0px 0px 10px 0px;}#heading-osudpmNvr7 .sh-heading-content {font-weight: 400!important;}#heading-osudpmNvr7 .sh-heading-content,#heading-osudpmNvr7 .sh-heading-additional-text {}            <\/style>\n        [vc_column_text]<\/p>\n<p style=\"text-align: center;\">ELISA<\/p>\n<p>[\/vc_column_text][\/vc_column][vc_column width=&#8221;1\/6&#8243;][\/vc_column][\/vc_row][vc_row full_width=&#8221;stretch_row_content_no_spaces&#8221; css_animation=&#8221;none&#8221; overflow=&#8221;default&#8221; padding_tablet=&#8221;0px 0px 0px 0px&#8221;][vc_column]\n\n\n\n<div id=\"image-gallery-Y1XJ6stgd4\" class=\"sh-image-gallery sh-image-gallery-noverlay sh-image-gallery-nozoom sh-image-gallery-container sh-image-gallery-disable\"  data-autoplay=\"3000\" data-columns=\"4\">\n\t\t\t<div class=\"sh-image-gallery-item\">\n\t\t\t<div class=\"sh-gallery-item\">\n\t\t\t\t<div class=\"post-meta-thumb\">\n\n\t\t\t\t\t\t\t\t\t\t\t<img src=\"https:\/\/www.labellafollina.it\/wp-content\/uploads\/2022\/01\/slider1-660x660.jpg\" alt=\"slider1\" \/>\n\t\t\t\t\t\n\t\t\t\t\t\t\t\t\t<\/div>\n\t\t\t<\/div>\n\t\t<\/div>\n\t\t\t<div class=\"sh-image-gallery-item\">\n\t\t\t<div class=\"sh-gallery-item\">\n\t\t\t\t<div class=\"post-meta-thumb\">\n\n\t\t\t\t\t\t\t\t\t\t\t<img src=\"https:\/\/www.labellafollina.it\/wp-content\/uploads\/2022\/01\/slider2-660x660.jpg\" alt=\"slider2\" \/>\n\t\t\t\t\t\n\t\t\t\t\t\t\t\t\t<\/div>\n\t\t\t<\/div>\n\t\t<\/div>\n\t\t\t<div class=\"sh-image-gallery-item\">\n\t\t\t<div class=\"sh-gallery-item\">\n\t\t\t\t<div class=\"post-meta-thumb\">\n\n\t\t\t\t\t\t\t\t\t\t\t<img src=\"https:\/\/www.labellafollina.it\/wp-content\/uploads\/2022\/01\/slider3-660x660.jpg\" alt=\"slider3\" \/>\n\t\t\t\t\t\n\t\t\t\t\t\t\t\t\t<\/div>\n\t\t\t<\/div>\n\t\t<\/div>\n\t\t\t<div class=\"sh-image-gallery-item\">\n\t\t\t<div class=\"sh-gallery-item\">\n\t\t\t\t<div class=\"post-meta-thumb\">\n\n\t\t\t\t\t\t\t\t\t\t\t<img src=\"https:\/\/www.labellafollina.it\/wp-content\/uploads\/2022\/01\/slider4-660x660.jpg\" alt=\"slider4\" \/>\n\t\t\t\t\t\n\t\t\t\t\t\t\t\t\t<\/div>\n\t\t\t<\/div>\n\t\t<\/div>\n\t\t\t<div class=\"sh-image-gallery-item\">\n\t\t\t<div class=\"sh-gallery-item\">\n\t\t\t\t<div class=\"post-meta-thumb\">\n\n\t\t\t\t\t\t\t\t\t\t\t<img src=\"https:\/\/www.labellafollina.it\/wp-content\/uploads\/2022\/01\/slider5-660x660.jpg\" alt=\"slider5\" \/>\n\t\t\t\t\t\n\t\t\t\t\t\t\t\t\t<\/div>\n\t\t\t<\/div>\n\t\t<\/div>\n\t\t\t<div class=\"sh-image-gallery-item\">\n\t\t\t<div class=\"sh-gallery-item\">\n\t\t\t\t<div class=\"post-meta-thumb\">\n\n\t\t\t\t\t\t\t\t\t\t\t<img src=\"https:\/\/www.labellafollina.it\/wp-content\/uploads\/2022\/01\/slider6-660x660.jpg\" alt=\"slider6\" \/>\n\t\t\t\t\t\n\t\t\t\t\t\t\t\t\t<\/div>\n\t\t\t<\/div>\n\t\t<\/div>\n\t\t\t<div class=\"sh-image-gallery-item\">\n\t\t\t<div class=\"sh-gallery-item\">\n\t\t\t\t<div class=\"post-meta-thumb\">\n\n\t\t\t\t\t\t\t\t\t\t\t<img src=\"https:\/\/www.labellafollina.it\/wp-content\/uploads\/2022\/01\/slider7-660x660.jpg\" alt=\"slider7\" \/>\n\t\t\t\t\t\n\t\t\t\t\t\t\t\t\t<\/div>\n\t\t\t<\/div>\n\t\t<\/div>\n\t\t\t<div class=\"sh-image-gallery-item\">\n\t\t\t<div class=\"sh-gallery-item\">\n\t\t\t\t<div class=\"post-meta-thumb\">\n\n\t\t\t\t\t\t\t\t\t\t\t<img src=\"https:\/\/www.labellafollina.it\/wp-content\/uploads\/2022\/01\/slider8-660x660.jpg\" alt=\"slider8\" \/>\n\t\t\t\t\t\n\t\t\t\t\t\t\t\t\t<\/div>\n\t\t\t<\/div>\n\t\t<\/div>\n\t<\/div>\n            <style type=\"text\/css\">\n                #image-gallery-Y1XJ6stgd4 .sh-gallery-item,#image-gallery-Y1XJ6stgd4 .slick-dots {margin: 0px 0px 0px 0px;}#image-gallery-Y1XJ6stgd4 .slick-list {margin: -0px -0px -0px -0px ;}#image-gallery-Y1XJ6stgd4 .slick-dots li.slick-active button {background-color: #3c573f!important;}            <\/style>\n        [\/vc_column][\/vc_row]<\/p>\n","protected":false},"excerpt":{"rendered":"<p>[vc_row full_width=&#8221;stretch_row&#8221; parallax=&#8221;content-moving&#8221; parallax_image=&#8221;523&#8243; overflow=&#8221;default&#8221; css=&#8221;.vc_custom_1645795582222{padding-top: 250px !important;padding-right: 20px !important;padding-bottom: 50px !important;padding-left: 20px !important;}&#8221; padding_tablet=&#8221;200px 20px 50px 20px&#8221; el_class=&#8221;sw-header-title&#8221;][vc_column] Elisa [\/vc_column][\/vc_row][vc_row full_width=&#8221;stretch_row&#8221; equal_height=&#8221;yes&#8221; content_placement=&#8221;middle&#8221; overflow=&#8221;default&#8221; css=&#8221;.vc_custom_1643213086083{padding-top: 40px !important;padding-right: 40px !important;padding-left: 40px !important;}&#8221; padding_tablet=&#8221;0px 0px 0px 0px&#8221;][vc_column width=&#8221;1\/2&#8243; overflow=&#8221;default&#8221; max_width=&#8221;460&#8243; css=&#8221;.vc_custom_1601400537907{padding-top: 100px !important;padding-right: 60px !important;padding-bottom: 100px&#8230;<\/p>\n","protected":false},"author":6,"featured_media":0,"parent":0,"menu_order":0,"comment_status":"closed","ping_status":"closed","template":"","meta":[],"_links":{"self":[{"href":"https:\/\/www.labellafollina.it\/fr\/wp-json\/wp\/v2\/pages\/1020"}],"collection":[{"href":"https:\/\/www.labellafollina.it\/fr\/wp-json\/wp\/v2\/pages"}],"about":[{"href":"https:\/\/www.labellafollina.it\/fr\/wp-json\/wp\/v2\/types\/page"}],"author":[{"embeddable":true,"href":"https:\/\/www.labellafollina.it\/fr\/wp-json\/wp\/v2\/users\/6"}],"replies":[{"embeddable":true,"href":"https:\/\/www.labellafollina.it\/fr\/wp-json\/wp\/v2\/comments?post=1020"}],"version-history":[{"count":1,"href":"https:\/\/www.labellafollina.it\/fr\/wp-json\/wp\/v2\/pages\/1020\/revisions"}],"predecessor-version":[{"id":1021,"href":"https:\/\/www.labellafollina.it\/fr\/wp-json\/wp\/v2\/pages\/1020\/revisions\/1021"}],"wp:attachment":[{"href":"https:\/\/www.labellafollina.it\/fr\/wp-json\/wp\/v2\/media?parent=1020"}],"curies":[{"name":"wp","href":"https:\/\/api.w.org\/{rel}","templated":true}]}}